{"id":99,"date":"2022-03-30T18:27:33","date_gmt":"2022-03-30T16:27:33","guid":{"rendered":"https:\/\/www.silcherschule-stuttgart.de\/?page_id=99"},"modified":"2023-10-06T17:11:31","modified_gmt":"2023-10-06T15:11:31","slug":"die-schulgebaeude","status":"publish","type":"page","link":"https:\/\/www.silcherschule-stuttgart.de\/?page_id=99","title":{"rendered":"Die Schulgeb\u00e4ude"},"content":{"rendered":"<style>\/*! elementor - v3.16.0 - 20-09-2023 *\/\n.elementor-heading-title{padding:0;margin:0;line-height:1}.elementor-widget-heading .elementor-heading-title[class*=elementor-size-]>a{color:inherit;font-size:inherit;line-height:inherit}.elementor-widget-heading .elementor-heading-title.elementor-size-small{font-size:15px}.elementor-widget-heading .elementor-heading-title.elementor-size-medium{font-size:19px}.elementor-widget-heading .elementor-heading-title.elementor-size-large{font-size:29px}.elementor-widget-heading .elementor-heading-title.elementor-size-xl{font-size:39px}.elementor-widget-heading .elementor-heading-title.elementor-size-xxl{font-size:59px}<\/style>\n<h2>Rundgang<\/h2>\n<style>\/*! elementor - v3.16.0 - 20-09-2023 *\/\n.elementor-column .elementor-spacer-inner{height:var(--spacer-size)}.e-con{--container-widget-width:100%}.e-con-inner>.elementor-widget-spacer,.e-con>.elementor-widget-spacer{width:var(--container-widget-width,var(--spacer-size));--align-self:var(--container-widget-align-self,initial);--flex-shrink:0}.e-con-inner>.elementor-widget-spacer>.elementor-widget-container,.e-con>.elementor-widget-spacer>.elementor-widget-container{height:100%;width:100%}.e-con-inner>.elementor-widget-spacer>.elementor-widget-container>.elementor-spacer,.e-con>.elementor-widget-spacer>.elementor-widget-container>.elementor-spacer{height:100%}.e-con-inner>.elementor-widget-spacer>.elementor-widget-container>.elementor-spacer>.elementor-spacer-inner,.e-con>.elementor-widget-spacer>.elementor-widget-container>.elementor-spacer>.elementor-spacer-inner{height:var(--container-widget-height,var(--spacer-size))}.e-con-inner>.elementor-widget-spacer.elementor-widget-empty,.e-con>.elementor-widget-spacer.elementor-widget-empty{position:relative;min-height:22px;min-width:22px}.e-con-inner>.elementor-widget-spacer.elementor-widget-empty .elementor-widget-empty-icon,.e-con>.elementor-widget-spacer.elementor-widget-empty .elementor-widget-empty-icon{position:absolute;top:0;bottom:0;left:0;right:0;margin:auto;padding:0;width:22px;height:22px}<\/style>\n<p>\t\t\t<a href=\"https:\/\/www.silcherschule-stuttgart.de\/?page_id=21\"><br \/>\n\t\t\t\t\t\tPausenhof<br \/>\n\t\t\t\t\t<\/a><br \/>\n\t\t\t<a href=\"https:\/\/www.silcherschule-stuttgart.de\/?page_id=99\"><br \/>\n\t\t\t\t\t\tSchulgeb\u00e4ude<br \/>\n\t\t\t\t\t<\/a><br \/>\n\t\t\t<a href=\"https:\/\/www.silcherschule-stuttgart.de\/?page_id=108\"><br \/>\n\t\t\t\t\t\tSchulgel\u00e4nde<br \/>\n\t\t\t\t\t<\/a><br \/>\n\t\t\t<a href=\"https:\/\/www.silcherschule-stuttgart.de\/?page_id=124\"><br \/>\n\t\t\t\t\t\tSportanlagen<br \/>\n\t\t\t\t\t<\/a><br \/>\n\t\t\t<a href=\"https:\/\/www.silcherschule-stuttgart.de\/?page_id=130\"><br \/>\n\t\t\t\t\t\tSchulb\u00fccherei<br \/>\n\t\t\t\t\t<\/a><br \/>\n\t\t\t<a href=\"https:\/\/www.silcherschule-stuttgart.de\/?page_id=154\"><br \/>\n\t\t\t\t\t\tMensa und Werkraum<br \/>\n\t\t\t\t\t<\/a><\/p>\n<p>Viele Pavillons \u2013 die Klassenzimmer sind \u00fcber das Gel\u00e4nde verteilt. <br \/>Einige Zimmer haben einen eigenen direkten Zugang zum Gel\u00e4nde oder Garten.<\/p>\n<style>\/*! elementor - v3.16.0 - 20-09-2023 *\/\n.elementor-widget-image-carousel .swiper,.elementor-widget-image-carousel .swiper-container{position:static}.elementor-widget-image-carousel .swiper-container .swiper-slide figure,.elementor-widget-image-carousel .swiper .swiper-slide figure{line-height:inherit}.elementor-widget-image-carousel .swiper-slide{text-align:center}.elementor-image-carousel-wrapper:not(.swiper-container-initialized):not(.swiper-initialized) .swiper-slide{max-width:calc(100% \/ var(--e-image-carousel-slides-to-show, 3))}<\/style>\n<figure><img decoding=\"async\" src=\"https:\/\/www.silcherschule-stuttgart.de\/wp-content\/uploads\/2022\/04\/DSC_0022-300x199.jpg\" alt=\"Bau 4 vorne\" \/><figcaption>Bau 4 vorne<\/figcaption><\/figure>\n<figure><img decoding=\"async\" src=\"https:\/\/www.silcherschule-stuttgart.de\/wp-content\/uploads\/2022\/04\/DSC_0048-300x202.jpg\" alt=\"Bau 4 hinten\" \/><figcaption>Bau 4 hinten<\/figcaption><\/figure>\n<figure><img decoding=\"async\" src=\"https:\/\/www.silcherschule-stuttgart.de\/wp-content\/uploads\/2022\/04\/DSC_0025-300x199.jpg\" alt=\"Bau 3 mit Holzterrasse\" \/><figcaption>Bau 3 mit Holzterrasse<\/figcaption><\/figure>\n<figure><img decoding=\"async\" src=\"https:\/\/www.silcherschule-stuttgart.de\/wp-content\/uploads\/2022\/03\/bau_3.jpg\" alt=\"Bau 3\" \/><figcaption>Bau 3<\/figcaption><\/figure>\n<figure><img decoding=\"async\" src=\"https:\/\/www.silcherschule-stuttgart.de\/wp-content\/uploads\/2022\/04\/DSC_0021-300x199.jpg\" alt=\"Bau 5 vorne\" \/><figcaption>Bau 5 vorne<\/figcaption><\/figure>\n<figure><img decoding=\"async\" src=\"https:\/\/www.silcherschule-stuttgart.de\/wp-content\/uploads\/2022\/03\/bau_5.jpg\" alt=\"Bau 5 hinten\" \/><figcaption>Bau 5 hinten<\/figcaption><\/figure>\n<figure><img decoding=\"async\" src=\"https:\/\/www.silcherschule-stuttgart.de\/wp-content\/uploads\/2022\/04\/DSC_0040-300x199.jpg\" alt=\"Bau 1\" \/><figcaption>Bau 1<\/figcaption><\/figure>\n<figure><img decoding=\"async\" src=\"https:\/\/www.silcherschule-stuttgart.de\/wp-content\/uploads\/2022\/04\/DSC_0028-300x199.jpg\" alt=\"Bau 2\" \/><figcaption>Bau 2<\/figcaption><\/figure>\n<figure><img decoding=\"async\" src=\"https:\/\/www.silcherschule-stuttgart.de\/wp-content\/uploads\/2022\/04\/DSC_0051-300x199.jpg\" alt=\"Interimsbau f\u00fcr GTS\" \/><figcaption>Interimsbau f\u00fcr GTS<\/figcaption><\/figure>\n","protected":false},"excerpt":{"rendered":"<p>Rundgang Pausenhof Schulgeb\u00e4ude Schulgel\u00e4nde Sportanlagen Schulb\u00fccherei Mensa und Werkraum Viele Pavillons \u2013 die Klassenzimmer sind \u00fcber das Gel\u00e4nde verteilt. Einige Zimmer haben einen eigenen direkten Zugang zum Gel\u00e4nde oder Garten. Bau 4 vorne Bau 4 hinten Bau 3 mit Holzterrasse Bau 3 Bau 5 vorne Bau 5 hinten Bau 1 Bau 2 Interimsbau f\u00fcr GTS<\/p>\n","protected":false},"author":1,"featured_media":0,"parent":21,"menu_order":1,"comment_status":"closed","ping_status":"closed","template":"","meta":{"ocean_post_layout":"","ocean_both_sidebars_style":"","ocean_both_sidebars_content_width":0,"ocean_both_sidebars_sidebars_width":0,"ocean_sidebar":"0","ocean_second_sidebar":"0","ocean_disable_margins":"enable","ocean_add_body_class":"","ocean_shortcode_before_top_bar":"","ocean_shortcode_after_top_bar":"","ocean_shortcode_before_header":"","ocean_shortcode_after_header":"","ocean_has_shortcode":"","ocean_shortcode_after_title":"","ocean_shortcode_before_footer_widgets":"","ocean_shortcode_after_footer_widgets":"","ocean_shortcode_before_footer_bottom":"","ocean_shortcode_after_footer_bottom":"","ocean_display_top_bar":"default","ocean_display_header":"default","ocean_header_style":"","ocean_center_header_left_menu":"0","ocean_custom_header_template":"0","ocean_custom_logo":0,"ocean_custom_retina_logo":0,"ocean_custom_logo_max_width":0,"ocean_custom_logo_tablet_max_width":0,"ocean_custom_logo_mobile_max_width":0,"ocean_custom_logo_max_height":0,"ocean_custom_logo_tablet_max_height":0,"ocean_custom_logo_mobile_max_height":0,"ocean_header_custom_menu":"0","ocean_menu_typo_font_family":"0","ocean_menu_typo_font_subset":"","ocean_menu_typo_font_size":0,"ocean_menu_typo_font_size_tablet":0,"ocean_menu_typo_font_size_mobile":0,"ocean_menu_typo_font_size_unit":"px","ocean_menu_typo_font_weight":"","ocean_menu_typo_font_weight_tablet":"","ocean_menu_typo_font_weight_mobile":"","ocean_menu_typo_transform":"","ocean_menu_typo_transform_tablet":"","ocean_menu_typo_transform_mobile":"","ocean_menu_typo_line_height":0,"ocean_menu_typo_line_height_tablet":0,"ocean_menu_typo_line_height_mobile":0,"ocean_menu_typo_line_height_unit":"","ocean_menu_typo_spacing":0,"ocean_menu_typo_spacing_tablet":0,"ocean_menu_typo_spacing_mobile":0,"ocean_menu_typo_spacing_unit":"","ocean_menu_link_color":"","ocean_menu_link_color_hover":"","ocean_menu_link_color_active":"","ocean_menu_link_background":"","ocean_menu_link_hover_background":"","ocean_menu_link_active_background":"","ocean_menu_social_links_bg":"","ocean_menu_social_hover_links_bg":"","ocean_menu_social_links_color":"","ocean_menu_social_hover_links_color":"","ocean_disable_title":"default","ocean_disable_heading":"default","ocean_post_title":"","ocean_post_subheading":"","ocean_post_title_style":"","ocean_post_title_background_color":"","ocean_post_title_background":0,"ocean_post_title_bg_image_position":"","ocean_post_title_bg_image_attachment":"","ocean_post_title_bg_image_repeat":"","ocean_post_title_bg_image_size":"","ocean_post_title_height":0,"ocean_post_title_bg_overlay":0.5,"ocean_post_title_bg_overlay_color":"","ocean_disable_breadcrumbs":"default","ocean_breadcrumbs_color":"","ocean_breadcrumbs_separator_color":"","ocean_breadcrumbs_links_color":"","ocean_breadcrumbs_links_hover_color":"","ocean_display_footer_widgets":"default","ocean_display_footer_bottom":"default","ocean_custom_footer_template":"0","footnotes":""},"class_list":["post-99","page","type-page","status-publish","hentry","entry"],"_links":{"self":[{"href":"https:\/\/www.silcherschule-stuttgart.de\/index.php?rest_route=\/wp\/v2\/pages\/99","targetHints":{"allow":["GET"]}}],"collection":[{"href":"https:\/\/www.silcherschule-stuttgart.de\/index.php?rest_route=\/wp\/v2\/pages"}],"about":[{"href":"https:\/\/www.silcherschule-stuttgart.de\/index.php?rest_route=\/wp\/v2\/types\/page"}],"author":[{"embeddable":true,"href":"https:\/\/www.silcherschule-stuttgart.de\/index.php?rest_route=\/wp\/v2\/users\/1"}],"replies":[{"embeddable":true,"href":"https:\/\/www.silcherschule-stuttgart.de\/index.php?rest_route=%2Fwp%2Fv2%2Fcomments&post=99"}],"version-history":[{"count":77,"href":"https:\/\/www.silcherschule-stuttgart.de\/index.php?rest_route=\/wp\/v2\/pages\/99\/revisions"}],"predecessor-version":[{"id":2118,"href":"https:\/\/www.silcherschule-stuttgart.de\/index.php?rest_route=\/wp\/v2\/pages\/99\/revisions\/2118"}],"up":[{"embeddable":true,"href":"https:\/\/www.silcherschule-stuttgart.de\/index.php?rest_route=\/wp\/v2\/pages\/21"}],"wp:attachment":[{"href":"https:\/\/www.silcherschule-stuttgart.de\/index.php?rest_route=%2Fwp%2Fv2%2Fmedia&parent=99"}],"curies":[{"name":"wp","href":"https:\/\/api.w.org\/{rel}","templated":true}]}}