{"id":8,"date":"2022-03-30T12:18:06","date_gmt":"2022-03-30T10:18:06","guid":{"rendered":"https:\/\/www.silcherschule-stuttgart.de\/?page_id=8"},"modified":"2025-01-17T18:56:20","modified_gmt":"2025-01-17T17:56:20","slug":"home","status":"publish","type":"page","link":"https:\/\/www.silcherschule-stuttgart.de\/","title":{"rendered":"Home"},"content":{"rendered":"<h2>Home<\/h2>\n<h2>Herzlich willkommen auf der Homepage der Silcherschule<\/h2>\n<h2>Gru\u00dfwort der Schulleitung<\/h2>\n<p>Liebe Kinder, liebe Eltern, liebe G\u00e4ste,<\/p>\n<p>herzlich willkommen auf der neuen Homepage unserer sch\u00f6nen Silcherschule.<br \/>Wir haben auf unseren Seiten vielf\u00e4ltige Informationen zusammengestellt, damit alle einen guten Einblick erhalten k\u00f6nnen<\/p>\n<p>\u00a0 \u00a0 \u00a0 &#8211; wie wir an unserer Schule gemeinsam arbeiten<br \/>\u00a0 \u00a0 \u00a0 &#8211; wie wir miteinander den Schultag gestalten<br \/>\u00a0 \u00a0 \u00a0 &#8211; wer wir sind und<br \/>\u00a0 \u00a0 \u00a0 &#8211; wie es bei uns aussieht.\u00a0\u00a0<\/p>\n<p>Wir hoffen, dass alles Wichtige und Hilfreiche zu erfahren ist.<\/p>\n<p>Aber selbstverst\u00e4ndlich ist es das echte Schulleben, das z\u00e4hlt und noch viel interessanter ist, und bei dem alle zu einem friedlichen guten Miteinander beitragen.<br \/>Ein herzliches Willkommen auch vor Ort ist auch gerne m\u00f6glich, nehmen Sie bei Fragen Kontakt mit uns auf.<\/p>\n<p>Beste Gr\u00fc\u00dfe im Namen der Schulgemeinschaft<br \/>Jana Bergemann, Schulleiterin<\/p>\n<h2>Machen Sie hier einen Rundgang durch unsere Schule<\/h2>\n<p>\t\t\t\t\t<a href=\"https:\/\/www.silcherschule-stuttgart.de\/?page_id=21\"><br \/>\n\t\t\t\t\t\t\t\t\tPausenhof<br \/>\n\t\t\t\t\t<\/a><br \/>\n\t\t\t\t\t\t\t\t\t\t\t\t\t\t\t<img loading=\"lazy\" decoding=\"async\" width=\"250\" height=\"188\" src=\"https:\/\/www.silcherschule-stuttgart.de\/wp-content\/uploads\/2022\/03\/pausenhof1-1.jpg\" alt=\"\" \/><br \/>\n\t\t\t\t\t<a href=\"https:\/\/www.silcherschule-stuttgart.de\/?page_id=99\"><br \/>\n\t\t\t\t\t\t\t\t\tSchulgeb\u00e4ude<br \/>\n\t\t\t\t\t<\/a><br \/>\n\t\t\t\t\t\t\t\t\t\t\t\t\t\t\t<img loading=\"lazy\" decoding=\"async\" width=\"300\" height=\"225\" src=\"https:\/\/www.silcherschule-stuttgart.de\/wp-content\/uploads\/2022\/04\/bau_4.jpg\" alt=\"\" \/><br \/>\n\t\t\t\t\t<a href=\"https:\/\/www.silcherschule-stuttgart.de\/?page_id=108\"><br \/>\n\t\t\t\t\t\t\t\t\tSchulgel\u00e4nde<br \/>\n\t\t\t\t\t<\/a><br \/>\n\t\t\t\t\t\t\t\t\t\t\t\t\t\t\t<img loading=\"lazy\" decoding=\"async\" width=\"300\" height=\"225\" src=\"https:\/\/www.silcherschule-stuttgart.de\/wp-content\/uploads\/2022\/04\/kraeuterspirale_08.jpg\" alt=\"\" \/><br \/>\n\t\t\t\t\t<a href=\"https:\/\/www.silcherschule-stuttgart.de\/?page_id=124\"><br \/>\n\t\t\t\t\t\t\t\t\tSportanlagen<br \/>\n\t\t\t\t\t<\/a><br \/>\n\t\t\t\t\t\t\t\t\t\t\t\t\t\t\t<img loading=\"lazy\" decoding=\"async\" width=\"300\" height=\"225\" src=\"https:\/\/www.silcherschule-stuttgart.de\/wp-content\/uploads\/2022\/03\/silcherhalle.jpg\" alt=\"\" \/><br \/>\n\t\t\t\t\t<a href=\"https:\/\/www.silcherschule-stuttgart.de\/?page_id=130\"><br \/>\n\t\t\t\t\t\t\t\t\tSchulb\u00fccherei<br \/>\n\t\t\t\t\t<\/a><br \/>\n\t\t\t\t\t\t\t\t\t\t\t\t\t\t\t<img loading=\"lazy\" decoding=\"async\" width=\"1024\" height=\"768\" src=\"https:\/\/www.silcherschule-stuttgart.de\/wp-content\/uploads\/2022\/03\/buecherei4-1024x768.jpg\" alt=\"\" srcset=\"https:\/\/www.silcherschule-stuttgart.de\/wp-content\/uploads\/2022\/03\/buecherei4-1024x768.jpg 1024w, https:\/\/www.silcherschule-stuttgart.de\/wp-content\/uploads\/2022\/03\/buecherei4-300x225.jpg 300w, https:\/\/www.silcherschule-stuttgart.de\/wp-content\/uploads\/2022\/03\/buecherei4-768x576.jpg 768w, https:\/\/www.silcherschule-stuttgart.de\/wp-content\/uploads\/2022\/03\/buecherei4-1536x1152.jpg 1536w, https:\/\/www.silcherschule-stuttgart.de\/wp-content\/uploads\/2022\/03\/buecherei4.jpg 1600w\" sizes=\"auto, (max-width: 1024px) 100vw, 1024px\" \/><br \/>\n\t\t\t\t\t<a href=\"https:\/\/www.silcherschule-stuttgart.de\/?page_id=154\"><br \/>\n\t\t\t\t\t\t\t\t\tMensa und Werkraum<br \/>\n\t\t\t\t\t<\/a><br \/>\n\t\t\t\t\t\t\t\t\t\t\t\t\t\t\t<img loading=\"lazy\" decoding=\"async\" width=\"500\" height=\"321\" src=\"https:\/\/www.silcherschule-stuttgart.de\/wp-content\/uploads\/2022\/03\/mensa3-1.jpg\" alt=\"\" srcset=\"https:\/\/www.silcherschule-stuttgart.de\/wp-content\/uploads\/2022\/03\/mensa3-1.jpg 500w, https:\/\/www.silcherschule-stuttgart.de\/wp-content\/uploads\/2022\/03\/mensa3-1-300x193.jpg 300w\" sizes=\"auto, (max-width: 500px) 100vw, 500px\" \/>\t\t\t\t\t\t\t\t\t\t\t\t\t\t\t<\/p>\n<h2>Sekretariat<\/h2>\n<p>Tel: 0711\/216 &#8211; 60 330<br \/>E-Mail: <a href=\"mailto:silcherschule@stuttgart.de\">silcherschule@stuttgart.de<\/a><\/p>\n<p>\t\t\t\t\t<a href=\"https:\/\/www.silcherschule-stuttgart.de\/?page_id=17\"><br \/>\n\t\t\t\t\t\t\t\t\t\u00d6ffnungszeiten<br \/>\n\t\t\t\t\t<\/a><\/p>\n<h2>Moodle<\/h2>\n<p>Hier gelangen Sie direkt zur Moodle-Plattform der Silcherschule.<br \/>Bei Fragen wenden Sie sich bitte an die Klassenlehrkraft.<\/p>\n<p>\t\t\t\t\t<a href=\"https:\/\/04120856.moodle.belwue.de\/\" target=\"_blank\"><br \/>\n\t\t\t\t\t\t\t\t\tLogin<br \/>\n\t\t\t\t\t<\/a><\/p>\n","protected":false},"excerpt":{"rendered":"<p>Home Herzlich willkommen auf der Homepage der Silcherschule Gru\u00dfwort der Schulleitung Liebe Kinder, liebe Eltern, liebe G\u00e4ste, herzlich willkommen auf der neuen Homepage unserer sch\u00f6nen Silcherschule.Wir haben auf unseren Seiten vielf\u00e4ltige Informationen zusammengestellt, damit alle einen guten Einblick erhalten k\u00f6nnen \u00a0 \u00a0 \u00a0 &#8211; wie wir an unserer Schule gemeinsam arbeiten\u00a0 \u00a0 \u00a0 &#8211; wie [&hellip;]<\/p>\n","protected":false},"author":1,"featured_media":0,"parent":0,"menu_order":1,"comment_status":"closed","ping_status":"closed","template":"","meta":{"ocean_post_layout":"","ocean_both_sidebars_style":"","ocean_both_sidebars_content_width":0,"ocean_both_sidebars_sidebars_width":0,"ocean_sidebar":"0","ocean_second_sidebar":"0","ocean_disable_margins":"enable","ocean_add_body_class":"","ocean_shortcode_before_top_bar":"","ocean_shortcode_after_top_bar":"","ocean_shortcode_before_header":"","ocean_shortcode_after_header":"","ocean_has_shortcode":"","ocean_shortcode_after_title":"","ocean_shortcode_before_footer_widgets":"","ocean_shortcode_after_footer_widgets":"","ocean_shortcode_before_footer_bottom":"","ocean_shortcode_after_footer_bottom":"","ocean_display_top_bar":"default","ocean_display_header":"default","ocean_header_style":"","ocean_center_header_left_menu":"0","ocean_custom_header_template":"0","ocean_custom_logo":0,"ocean_custom_retina_logo":0,"ocean_custom_logo_max_width":0,"ocean_custom_logo_tablet_max_width":0,"ocean_custom_logo_mobile_max_width":0,"ocean_custom_logo_max_height":0,"ocean_custom_logo_tablet_max_height":0,"ocean_custom_logo_mobile_max_height":0,"ocean_header_custom_menu":"0","ocean_menu_typo_font_family":"0","ocean_menu_typo_font_subset":"","ocean_menu_typo_font_size":0,"ocean_menu_typo_font_size_tablet":0,"ocean_menu_typo_font_size_mobile":0,"ocean_menu_typo_font_size_unit":"px","ocean_menu_typo_font_weight":"","ocean_menu_typo_font_weight_tablet":"","ocean_menu_typo_font_weight_mobile":"","ocean_menu_typo_transform":"","ocean_menu_typo_transform_tablet":"","ocean_menu_typo_transform_mobile":"","ocean_menu_typo_line_height":0,"ocean_menu_typo_line_height_tablet":0,"ocean_menu_typo_line_height_mobile":0,"ocean_menu_typo_line_height_unit":"","ocean_menu_typo_spacing":0,"ocean_menu_typo_spacing_tablet":0,"ocean_menu_typo_spacing_mobile":0,"ocean_menu_typo_spacing_unit":"","ocean_menu_link_color":"","ocean_menu_link_color_hover":"","ocean_menu_link_color_active":"","ocean_menu_link_background":"","ocean_menu_link_hover_background":"","ocean_menu_link_active_background":"","ocean_menu_social_links_bg":"","ocean_menu_social_hover_links_bg":"","ocean_menu_social_links_color":"","ocean_menu_social_hover_links_color":"","ocean_disable_title":"default","ocean_disable_heading":"default","ocean_post_title":"","ocean_post_subheading":"","ocean_post_title_style":"","ocean_post_title_background_color":"","ocean_post_title_background":0,"ocean_post_title_bg_image_position":"","ocean_post_title_bg_image_attachment":"","ocean_post_title_bg_image_repeat":"","ocean_post_title_bg_image_size":"","ocean_post_title_height":0,"ocean_post_title_bg_overlay":0.5,"ocean_post_title_bg_overlay_color":"","ocean_disable_breadcrumbs":"default","ocean_breadcrumbs_color":"","ocean_breadcrumbs_separator_color":"","ocean_breadcrumbs_links_color":"","ocean_breadcrumbs_links_hover_color":"","ocean_display_footer_widgets":"default","ocean_display_footer_bottom":"default","ocean_custom_footer_template":"0","footnotes":""},"class_list":["post-8","page","type-page","status-publish","hentry","entry"],"_links":{"self":[{"href":"https:\/\/www.silcherschule-stuttgart.de\/index.php?rest_route=\/wp\/v2\/pages\/8","targetHints":{"allow":["GET"]}}],"collection":[{"href":"https:\/\/www.silcherschule-stuttgart.de\/index.php?rest_route=\/wp\/v2\/pages"}],"about":[{"href":"https:\/\/www.silcherschule-stuttgart.de\/index.php?rest_route=\/wp\/v2\/types\/page"}],"author":[{"embeddable":true,"href":"https:\/\/www.silcherschule-stuttgart.de\/index.php?rest_route=\/wp\/v2\/users\/1"}],"replies":[{"embeddable":true,"href":"https:\/\/www.silcherschule-stuttgart.de\/index.php?rest_route=%2Fwp%2Fv2%2Fcomments&post=8"}],"version-history":[{"count":230,"href":"https:\/\/www.silcherschule-stuttgart.de\/index.php?rest_route=\/wp\/v2\/pages\/8\/revisions"}],"predecessor-version":[{"id":2464,"href":"https:\/\/www.silcherschule-stuttgart.de\/index.php?rest_route=\/wp\/v2\/pages\/8\/revisions\/2464"}],"wp:attachment":[{"href":"https:\/\/www.silcherschule-stuttgart.de\/index.php?rest_route=%2Fwp%2Fv2%2Fmedia&parent=8"}],"curies":[{"name":"wp","href":"https:\/\/api.w.org\/{rel}","templated":true}]}}