{"id":604,"date":"2022-04-06T17:22:38","date_gmt":"2022-04-06T15:22:38","guid":{"rendered":"https:\/\/www.silcherschule-stuttgart.de\/?page_id=604"},"modified":"2024-10-12T14:14:25","modified_gmt":"2024-10-12T12:14:25","slug":"musisch-aesthetische-foerderung","status":"publish","type":"page","link":"https:\/\/www.silcherschule-stuttgart.de\/?page_id=604","title":{"rendered":"musisch-\u00e4sthetische F\u00f6rderung"},"content":{"rendered":"<h2>Unser Leitbild<\/h2>\n<p>\t\t\t<a href=\"https:\/\/www.silcherschule-stuttgart.de\/?page_id=163\"><br \/>\n\t\t\t\t\t\t\t\t\tsoziales Lernen<br \/>\n\t\t\t\t\t<\/a><br \/>\n\t\t\t<a href=\"https:\/\/www.silcherschule-stuttgart.de\/?page_id=607\"><br \/>\n\t\t\t\t\t\t\t\t\tLesekompetenz<br \/>\n\t\t\t\t\t<\/a><br \/>\n\t\t\t<a href=\"https:\/\/www.silcherschule-stuttgart.de\/?page_id=604\"><br \/>\n\t\t\t\t\t\t\t\t\tmusisch-\u00e4sthetische F\u00f6rderung<br \/>\n\t\t\t\t\t<\/a><br \/>\n\t\t\t<a href=\"https:\/\/www.silcherschule-stuttgart.de\/?page_id=609\"><br \/>\n\t\t\t\t\t\t\t\t\tsportliche F\u00f6rderung<br \/>\n\t\t\t\t\t<\/a><\/p>\n<h2>musisch-\u00e4sthetische F\u00f6rderung<\/h2>\n<p><strong>musikalische F\u00f6rderung in Kooperation mit der Stuttgarter Musikschule<br \/><\/strong>&#8222;Mit Musik geht alles besser&#8220; &#8230;<br \/>wussten schon die Comedian Harmonists. Die Kinder der Silcherschule wissen es seit Februar 2002. Da begannen die Kurse &#8222;Spielen und Lernen&#8220; in Kooperation mit der Stuttgarter Musikschule als Pilotprojekt. Die Silcherschule war eine von vier Stuttgarter Grundschulen, die sich auf dieses Experiment einlie\u00df.<\/p>\n<p>Seit diesem Schuljahr nehmen wir teil an &#8222;Musik f\u00fcr alle.&#8220;<\/p>\n<p><strong>Sing Sala Sing<br \/><\/strong>Schon f\u00fcr den Namensgeber unserer Schule, Philipp Friedrich Silcher, war der Gesang und vor allem der Chorgesang von gro\u00dfer Bedeutung.<br \/>Seit 2007\/2008 gibt es f\u00fcr unsere motivierten Kinder mit den SingSalaSing-Ch\u00f6ren ein besonderes Bildungsangebot: Einmal in der Woche lernen sie klassen\u00fcbergreifend bei unserer Musiklehrerin Frau D\u00fcnkel eine ganze Bandbreite von musikalischen St\u00fccken singen, vom Volkslied bis zur modernen Literatur. Das vielf\u00e4ltige \u00dcben und gezielte Hinf\u00fchren f\u00f6rdert nicht nur das Singen k\u00f6nnen selbst, sondern nat\u00fcrlich auch die Freude am Singen, an der Rhythmik. Auch entwickeln die Kinder ein besseres K\u00f6rpergef\u00fchl, mehr Selbstbewusstsein und eine h\u00f6here Konzentrationsf\u00e4higkeit.<\/p>\n<p>Zur Arbeit mit den SingSalaSing-Gruppen geh\u00f6ren die Auftritte bei ganz unterschiedlichen Veranstaltungen selbstverst\u00e4ndlich dazu, und es ist jedes Mal beeindruckend zu erleben, mit welchem K\u00f6nnen und Selbstbewusstsein sich unsere Silcherkinder pr\u00e4sentieren.<br \/>Schulintern treten sie j\u00e4hrlich auf bei der Einschulungsfeier und bei den Adventssingen, sowie bei allen schulischen Festivit\u00e4ten.<\/p>\n<p>Bei folgenden Konzerten waren die SingSalaSing Kinder zu erleben:<\/p>\n<p><strong>Schuljahr 2023\/24\u00a0 \u00a0\u00a0<\/strong><br \/>\u00a0 \u00a0 \u00a0&#8211; Auftritt im Altenclub Zuffenhausen<strong><br \/><\/strong>\u00a0 \u00a0 \u00a0&#8211; Schulfest der Silcherschule<\/p>\n<p><strong>\u00a0 \u00a0 \u00a0Schuljahr 2018\/19:\u00a0\u00a0<br \/><\/strong>\u00a0 \u00a0 \u00a0&#8211; weihnachtliches Adventskonzert zusammen mit dem Leseclub<\/p>\n<p><strong>\u00a0 \u00a0 \u00a0Schuljahr 2017\/18<br \/><\/strong>\u00a0 \u00a0 \u00a0&#8211; Konzert beim \u201eRoter Herbstfest\u201c<br \/>\u00a0 \u00a0 \u00a0&#8211; Begegnungskonzert \u201eSing mit!\u201c auf der Messe Stuttgart<br \/>\u00a0 \u00a0 \u00a0&#8211; Stadtteilkonzert Zuffenhausen<\/p>\n<p><strong>\u00a0 \u00a0 \u00a0Schuljahr 2016\/17\u00a0 \u00a0 \u00a0<br \/><\/strong>\u00a0 \u00a0 \u00a0&#8211; Auftritt vor dem Rathaus w\u00e4hrend des Stuttgarter Weihnachtsmarktes<\/p>\n<p><strong>\u00a0 \u00a0 \u00a0Schuljahr 2015\/16\u00a0 \u00a0\u00a0<br \/><\/strong>\u00a0 \u00a0 \u00a0&#8211; weihnachtliches Musiktheater<br \/>\u00a0 \u00a0 \u00a0&#8211; Weihnachtssingen im Neuen Schloss<br \/>\u00a0 \u00a0 \u00a0&#8211; Kooperationskonzerte mit dem Ferdinand-Porsche-Gymnasium Zuffenhausen<br \/>\u00a0 \u00a0 \u00a0&#8211; Projekt: BACHBEWEGT!SINGEN!<\/p>\n<p><strong>\u00a0 \u00a0 \u00a0Schuljahr 2014\/15<br \/><\/strong>\u00a0 \u00a0 \u00a0&#8211; Singen bei der Auferstehungsnacht in der ev. Kirche in Stuttgart-Rot<br \/>\u00a0 \u00a0 \u00a0&#8211; Weihnachtssingen<br \/>\u00a0 \u00a0 \u00a0&#8211; Projekt: BACHBEWEGT!SINGEN!<br \/>\u00a0 \u00a0 \u00a0&#8211; Musiktheater Bach<\/p>\n","protected":false},"excerpt":{"rendered":"<p>Unser Leitbild soziales Lernen Lesekompetenz musisch-\u00e4sthetische F\u00f6rderung sportliche F\u00f6rderung musisch-\u00e4sthetische F\u00f6rderung musikalische F\u00f6rderung in Kooperation mit der Stuttgarter Musikschule&#8222;Mit Musik geht alles besser&#8220; &#8230;wussten schon die Comedian Harmonists. Die Kinder der Silcherschule wissen es seit Februar 2002. Da begannen die Kurse &#8222;Spielen und Lernen&#8220; in Kooperation mit der Stuttgarter Musikschule als Pilotprojekt. Die Silcherschule war [&hellip;]<\/p>\n","protected":false},"author":1,"featured_media":0,"parent":23,"menu_order":3,"comment_status":"closed","ping_status":"closed","template":"","meta":{"ocean_post_layout":"","ocean_both_sidebars_style":"","ocean_both_sidebars_content_width":0,"ocean_both_sidebars_sidebars_width":0,"ocean_sidebar":"0","ocean_second_sidebar":"0","ocean_disable_margins":"enable","ocean_add_body_class":"","ocean_shortcode_before_top_bar":"","ocean_shortcode_after_top_bar":"","ocean_shortcode_before_header":"","ocean_shortcode_after_header":"","ocean_has_shortcode":"","ocean_shortcode_after_title":"","ocean_shortcode_before_footer_widgets":"","ocean_shortcode_after_footer_widgets":"","ocean_shortcode_before_footer_bottom":"","ocean_shortcode_after_footer_bottom":"","ocean_display_top_bar":"default","ocean_display_header":"default","ocean_header_style":"","ocean_center_header_left_menu":"0","ocean_custom_header_template":"0","ocean_custom_logo":0,"ocean_custom_retina_logo":0,"ocean_custom_logo_max_width":0,"ocean_custom_logo_tablet_max_width":0,"ocean_custom_logo_mobile_max_width":0,"ocean_custom_logo_max_height":0,"ocean_custom_logo_tablet_max_height":0,"ocean_custom_logo_mobile_max_height":0,"ocean_header_custom_menu":"0","ocean_menu_typo_font_family":"0","ocean_menu_typo_font_subset":"","ocean_menu_typo_font_size":0,"ocean_menu_typo_font_size_tablet":0,"ocean_menu_typo_font_size_mobile":0,"ocean_menu_typo_font_size_unit":"px","ocean_menu_typo_font_weight":"","ocean_menu_typo_font_weight_tablet":"","ocean_menu_typo_font_weight_mobile":"","ocean_menu_typo_transform":"","ocean_menu_typo_transform_tablet":"","ocean_menu_typo_transform_mobile":"","ocean_menu_typo_line_height":0,"ocean_menu_typo_line_height_tablet":0,"ocean_menu_typo_line_height_mobile":0,"ocean_menu_typo_line_height_unit":"","ocean_menu_typo_spacing":0,"ocean_menu_typo_spacing_tablet":0,"ocean_menu_typo_spacing_mobile":0,"ocean_menu_typo_spacing_unit":"","ocean_menu_link_color":"","ocean_menu_link_color_hover":"","ocean_menu_link_color_active":"","ocean_menu_link_background":"","ocean_menu_link_hover_background":"","ocean_menu_link_active_background":"","ocean_menu_social_links_bg":"","ocean_menu_social_hover_links_bg":"","ocean_menu_social_links_color":"","ocean_menu_social_hover_links_color":"","ocean_disable_title":"default","ocean_disable_heading":"default","ocean_post_title":"","ocean_post_subheading":"","ocean_post_title_style":"","ocean_post_title_background_color":"","ocean_post_title_background":0,"ocean_post_title_bg_image_position":"","ocean_post_title_bg_image_attachment":"","ocean_post_title_bg_image_repeat":"","ocean_post_title_bg_image_size":"","ocean_post_title_height":0,"ocean_post_title_bg_overlay":0.5,"ocean_post_title_bg_overlay_color":"","ocean_disable_breadcrumbs":"default","ocean_breadcrumbs_color":"","ocean_breadcrumbs_separator_color":"","ocean_breadcrumbs_links_color":"","ocean_breadcrumbs_links_hover_color":"","ocean_display_footer_widgets":"default","ocean_display_footer_bottom":"default","ocean_custom_footer_template":"0","footnotes":""},"class_list":["post-604","page","type-page","status-publish","hentry","entry"],"_links":{"self":[{"href":"https:\/\/www.silcherschule-stuttgart.de\/index.php?rest_route=\/wp\/v2\/pages\/604","targetHints":{"allow":["GET"]}}],"collection":[{"href":"https:\/\/www.silcherschule-stuttgart.de\/index.php?rest_route=\/wp\/v2\/pages"}],"about":[{"href":"https:\/\/www.silcherschule-stuttgart.de\/index.php?rest_route=\/wp\/v2\/types\/page"}],"author":[{"embeddable":true,"href":"https:\/\/www.silcherschule-stuttgart.de\/index.php?rest_route=\/wp\/v2\/users\/1"}],"replies":[{"embeddable":true,"href":"https:\/\/www.silcherschule-stuttgart.de\/index.php?rest_route=%2Fwp%2Fv2%2Fcomments&post=604"}],"version-history":[{"count":47,"href":"https:\/\/www.silcherschule-stuttgart.de\/index.php?rest_route=\/wp\/v2\/pages\/604\/revisions"}],"predecessor-version":[{"id":2406,"href":"https:\/\/www.silcherschule-stuttgart.de\/index.php?rest_route=\/wp\/v2\/pages\/604\/revisions\/2406"}],"up":[{"embeddable":true,"href":"https:\/\/www.silcherschule-stuttgart.de\/index.php?rest_route=\/wp\/v2\/pages\/23"}],"wp:attachment":[{"href":"https:\/\/www.silcherschule-stuttgart.de\/index.php?rest_route=%2Fwp%2Fv2%2Fmedia&parent=604"}],"curies":[{"name":"wp","href":"https:\/\/api.w.org\/{rel}","templated":true}]}}