{"id":29,"date":"2022-03-30T12:26:20","date_gmt":"2022-03-30T10:26:20","guid":{"rendered":"https:\/\/www.silcherschule-stuttgart.de\/?page_id=29"},"modified":"2026-03-11T16:47:30","modified_gmt":"2026-03-11T15:47:30","slug":"historisches","status":"publish","type":"page","link":"https:\/\/www.silcherschule-stuttgart.de\/?page_id=29","title":{"rendered":"Historisches"},"content":{"rendered":"<h2>Historisches<\/h2>\n<h2>Wer war Friedrich Silcher, der Namensgeber unserer Schule?<\/h2>\n<p>\t\t\t\t\t\t\t\t\t\t\t\t\t\t\t<img decoding=\"async\" src=\"https:\/\/www.silcherschule-stuttgart.de\/wp-content\/uploads\/elementor\/thumbs\/Friedrich-Silcher-q6at05n07zdqluhn04b3yviggk3xts39bchy2g42f8.jpg\" title=\"Friedrich Silcher\" alt=\"Friedrich Silcher\" loading=\"lazy\" \/>\t\t\t\t\t\t\t\t\t\t\t\t\t\t\t<\/p>\n<figure class='gallery-item'>\n\t\t\t\t<a data-elementor-open-lightbox=\"yes\" data-elementor-lightbox-slideshow=\"ded7e02\" data-elementor-lightbox-title=\"DSC_0050\" data-e-action-hash=\"#elementor-action%3Aaction%3Dlightbox%26settings%3DeyJpZCI6MTMyNSwidXJsIjoiaHR0cHM6XC9cL3d3dy5zaWxjaGVyc2NodWxlLXN0dXR0Z2FydC5kZVwvd3AtY29udGVudFwvdXBsb2Fkc1wvMjAyMlwvMDRcL0RTQ18wMDUwLXNjYWxlZC5qcGciLCJzbGlkZXNob3ciOiJkZWQ3ZTAyIn0%3D\" href='https:\/\/www.silcherschule-stuttgart.de\/wp-content\/uploads\/2022\/04\/DSC_0050-scaled.jpg'><img loading=\"lazy\" width=\"203\" height=\"300\" src=\"https:\/\/www.silcherschule-stuttgart.de\/wp-content\/uploads\/2022\/04\/DSC_0050-203x300.jpg\" alt=\"\" decoding=\"async\" srcset=\"https:\/\/www.silcherschule-stuttgart.de\/wp-content\/uploads\/2022\/04\/DSC_0050-203x300.jpg 203w, https:\/\/www.silcherschule-stuttgart.de\/wp-content\/uploads\/2022\/04\/DSC_0050-693x1024.jpg 693w, https:\/\/www.silcherschule-stuttgart.de\/wp-content\/uploads\/2022\/04\/DSC_0050-768x1135.jpg 768w, https:\/\/www.silcherschule-stuttgart.de\/wp-content\/uploads\/2022\/04\/DSC_0050-1039x1536.jpg 1039w, https:\/\/www.silcherschule-stuttgart.de\/wp-content\/uploads\/2022\/04\/DSC_0050-1386x2048.jpg 1386w, https:\/\/www.silcherschule-stuttgart.de\/wp-content\/uploads\/2022\/04\/DSC_0050-scaled.jpg 1732w\" sizes=\"auto, (max-width: 203px) 100vw, 203px\" \/><\/a><br \/>\n\t\t\t<\/figure>\n<figure class='gallery-item'>\n\t\t\t\t<a data-elementor-open-lightbox=\"yes\" data-elementor-lightbox-slideshow=\"ded7e02\" data-elementor-lightbox-title=\"Silchereiche Schild\" data-e-action-hash=\"#elementor-action%3Aaction%3Dlightbox%26settings%3DeyJpZCI6NjY0LCJ1cmwiOiJodHRwczpcL1wvd3d3LnNpbGNoZXJzY2h1bGUtc3R1dHRnYXJ0LmRlXC93cC1jb250ZW50XC91cGxvYWRzXC8yMDIyXC8wNFwvU2lsY2hlcmVpY2hlLVNjaGlsZC5qcGciLCJzbGlkZXNob3ciOiJkZWQ3ZTAyIn0%3D\" href='https:\/\/www.silcherschule-stuttgart.de\/wp-content\/uploads\/2022\/04\/Silchereiche-Schild.jpg'><img loading=\"lazy\" width=\"300\" height=\"224\" src=\"https:\/\/www.silcherschule-stuttgart.de\/wp-content\/uploads\/2022\/04\/Silchereiche-Schild-300x224.jpg\" alt=\"\" decoding=\"async\" srcset=\"https:\/\/www.silcherschule-stuttgart.de\/wp-content\/uploads\/2022\/04\/Silchereiche-Schild-300x224.jpg 300w, https:\/\/www.silcherschule-stuttgart.de\/wp-content\/uploads\/2022\/04\/Silchereiche-Schild.jpg 459w\" sizes=\"auto, (max-width: 300px) 100vw, 300px\" \/><\/a><br \/>\n\t\t\t<\/figure>\n<p><strong>\u00a0 \u00a0 \u00a0 \u00a0 \u00a0 \u00a0 \u00a0 \u00a0 \u00a0 \u00a0 \u00a0 \u00a0 \u00a0 \u00a0 \u00a0 \u00a0 \u00a0 \u00a0 \u00a0 \u00a0 \u00a0 \u00a0 \u00a0 \u00a0Friedrich Silcher<\/strong><\/p>\n<p>\u00a0 \u00a0 \u00a0 \u00a0 \u00a0 \u00a0 \u00a0 \u00a0 \u00a0 \u00a0 \u00a0 \u00a0 \u00a0 Geboren am 27. Juni 1789 in Schnait im Remstal,<br \/>\u00a0 \u00a0 \u00a0 \u00a0 \u00a0 \u00a0 \u00a0 \u00a0 \u00a0 \u00a0 \u00a0 \u00a0 \u00a0 \u00a0 \u00a0 \u00a0gestorben am 26. August 1860 in T\u00fcbingen.<\/p>\n<p>Philip Friedrich Silcher war ein deutscher Komponist und Musikp\u00e4dagoge, der heute haupts\u00e4chlich aufgrund seiner Volkslieder f\u00fcr Ch\u00f6re bekannt ist. <br \/>Er schrieb aber auch Klavier- und Kirchenmusik.<\/p>\n<p>Seine bekanntesten Kompositionen sind: <em>Alle Jahre wieder, Am Brunnen vor dem Tore, Jetzt gang i ans Br\u00fcnnele, Muss i denn zum St\u00e4dtele hinaus.<br \/><\/em><\/p>\n<p>\u00a0<\/p>\n<p>\u00a0<\/p>\n<p>\u00a0<\/p>\n<p><em><br \/><\/em>Direkt neben dem Haupteingang erinnert die im Jahre 1989 gepflanzte Silchereiche an den Namensgeber unserer Schule.<\/p>\n<h2>\nSo entstand die Silcherschule<\/h2>\n<p style=\"margin-bottom: .0001pt;\">Von 1952 bis 1954 wurde die Schule, die au\u00dfer einer Grundschule noch eine Sonderschule sowie eine hauswirtschaftliche Schule beherbergen sollte, f\u00fcr den neu entstandenen Ortsteil Rot in Stuttgart Zuffenhausen von dem Architekten G\u00fcnter Wilhelm geplant und gebaut.<\/p>\n<p>G\u00fcnter Wilhelm galt als einer der wichtigsten F\u00fcrsprecher f\u00fcr Reformen im Schulbau der Nachkriegsjahre. Vor allem f\u00fcr gr\u00f6\u00dfere und hochwertigere Schulgrundst\u00fccke setzte er sich ein und forderte Schulbaurichtlinien nach internationalem Standard.<br \/>Die Geschoss- und Pavillonbauten der Schule, verteilt auf einem sehr gro\u00dfz\u00fcgigen Gel\u00e4nde, setzten neue Ma\u00dfst\u00e4be in Stuttgart und sorgten auch international f\u00fcr Aufmerksamkeit. Im Jahre 1959 erhielt die Silcherschule als erste Pavillonschule Stuttgarts f\u00fcr ihre wegweisende Architektur den <i>Paul-Bonatz-Preis<\/i> der Stadt Stuttgart.<\/p>\n<p>Heute verf\u00fcgt die Grundschule \u00fcber fast das gesamte gro\u00dfz\u00fcgige Gel\u00e4nde und die denkmalgesch\u00fctzten Geb\u00e4ude.<br \/>In den Jahren 2015 bis 2019 wurde das Hauptgeb\u00e4ude Bau 4 saniert und technisch mit einer neuen Heizungsanlage, sowie einem energetisch sanierten Dach auf modernsten Stand gebracht. Auch die Turnhalle ist inzwischen saniert, in den kommenden Jahren folgen die weiteren Geb\u00e4ude.<\/p>\n<p>\t\t\t\t\t\t\t\t\t\t\t\t\t\t\t<img decoding=\"async\" src=\"https:\/\/www.silcherschule-stuttgart.de\/wp-content\/uploads\/elementor\/thumbs\/Silcherschule-scaled-q6at0xu5b339ebydw5f91un4j51jgljpoarlfyrlb4.jpg\" title=\"Silcherschule\" alt=\"Silcherschule\" loading=\"lazy\" \/><\/p>\n","protected":false},"excerpt":{"rendered":"<p>Historisches Wer war Friedrich Silcher, der Namensgeber unserer Schule? \u00a0 \u00a0 \u00a0 \u00a0 \u00a0 \u00a0 \u00a0 \u00a0 \u00a0 \u00a0 \u00a0 \u00a0 \u00a0 \u00a0 \u00a0 \u00a0 \u00a0 \u00a0 \u00a0 \u00a0 \u00a0 \u00a0 \u00a0 \u00a0Friedrich Silcher \u00a0 \u00a0 \u00a0 \u00a0 \u00a0 \u00a0 \u00a0 \u00a0 \u00a0 \u00a0 \u00a0 \u00a0 \u00a0 Geboren am 27. Juni 1789 in Schnait im [&hellip;]<\/p>\n","protected":false},"author":1,"featured_media":0,"parent":11,"menu_order":6,"comment_status":"closed","ping_status":"closed","template":"","meta":{"ocean_post_layout":"","ocean_both_sidebars_style":"","ocean_both_sidebars_content_width":0,"ocean_both_sidebars_sidebars_width":0,"ocean_sidebar":"","ocean_second_sidebar":"","ocean_disable_margins":"enable","ocean_add_body_class":"","ocean_shortcode_before_top_bar":"","ocean_shortcode_after_top_bar":"","ocean_shortcode_before_header":"","ocean_shortcode_after_header":"","ocean_has_shortcode":"","ocean_shortcode_after_title":"","ocean_shortcode_before_footer_widgets":"","ocean_shortcode_after_footer_widgets":"","ocean_shortcode_before_footer_bottom":"","ocean_shortcode_after_footer_bottom":"","ocean_display_top_bar":"default","ocean_display_header":"default","ocean_header_style":"","ocean_center_header_left_menu":"","ocean_custom_header_template":"","ocean_custom_logo":0,"ocean_custom_retina_logo":0,"ocean_custom_logo_max_width":0,"ocean_custom_logo_tablet_max_width":0,"ocean_custom_logo_mobile_max_width":0,"ocean_custom_logo_max_height":0,"ocean_custom_logo_tablet_max_height":0,"ocean_custom_logo_mobile_max_height":0,"ocean_header_custom_menu":"","ocean_menu_typo_font_family":"","ocean_menu_typo_font_subset":"","ocean_menu_typo_font_size":0,"ocean_menu_typo_font_size_tablet":0,"ocean_menu_typo_font_size_mobile":0,"ocean_menu_typo_font_size_unit":"px","ocean_menu_typo_font_weight":"","ocean_menu_typo_font_weight_tablet":"","ocean_menu_typo_font_weight_mobile":"","ocean_menu_typo_transform":"","ocean_menu_typo_transform_tablet":"","ocean_menu_typo_transform_mobile":"","ocean_menu_typo_line_height":0,"ocean_menu_typo_line_height_tablet":0,"ocean_menu_typo_line_height_mobile":0,"ocean_menu_typo_line_height_unit":"","ocean_menu_typo_spacing":0,"ocean_menu_typo_spacing_tablet":0,"ocean_menu_typo_spacing_mobile":0,"ocean_menu_typo_spacing_unit":"","ocean_menu_link_color":"","ocean_menu_link_color_hover":"","ocean_menu_link_color_active":"","ocean_menu_link_background":"","ocean_menu_link_hover_background":"","ocean_menu_link_active_background":"","ocean_menu_social_links_bg":"","ocean_menu_social_hover_links_bg":"","ocean_menu_social_links_color":"","ocean_menu_social_hover_links_color":"","ocean_disable_title":"default","ocean_disable_heading":"default","ocean_post_title":"","ocean_post_subheading":"","ocean_post_title_style":"","ocean_post_title_background_color":"","ocean_post_title_background":0,"ocean_post_title_bg_image_position":"","ocean_post_title_bg_image_attachment":"","ocean_post_title_bg_image_repeat":"","ocean_post_title_bg_image_size":"","ocean_post_title_height":0,"ocean_post_title_bg_overlay":0.5,"ocean_post_title_bg_overlay_color":"","ocean_disable_breadcrumbs":"default","ocean_breadcrumbs_color":"","ocean_breadcrumbs_separator_color":"","ocean_breadcrumbs_links_color":"","ocean_breadcrumbs_links_hover_color":"","ocean_display_footer_widgets":"default","ocean_display_footer_bottom":"default","ocean_custom_footer_template":"","footnotes":""},"class_list":["post-29","page","type-page","status-publish","hentry","entry"],"_links":{"self":[{"href":"https:\/\/www.silcherschule-stuttgart.de\/index.php?rest_route=\/wp\/v2\/pages\/29","targetHints":{"allow":["GET"]}}],"collection":[{"href":"https:\/\/www.silcherschule-stuttgart.de\/index.php?rest_route=\/wp\/v2\/pages"}],"about":[{"href":"https:\/\/www.silcherschule-stuttgart.de\/index.php?rest_route=\/wp\/v2\/types\/page"}],"author":[{"embeddable":true,"href":"https:\/\/www.silcherschule-stuttgart.de\/index.php?rest_route=\/wp\/v2\/users\/1"}],"replies":[{"embeddable":true,"href":"https:\/\/www.silcherschule-stuttgart.de\/index.php?rest_route=%2Fwp%2Fv2%2Fcomments&post=29"}],"version-history":[{"count":80,"href":"https:\/\/www.silcherschule-stuttgart.de\/index.php?rest_route=\/wp\/v2\/pages\/29\/revisions"}],"predecessor-version":[{"id":2679,"href":"https:\/\/www.silcherschule-stuttgart.de\/index.php?rest_route=\/wp\/v2\/pages\/29\/revisions\/2679"}],"up":[{"embeddable":true,"href":"https:\/\/www.silcherschule-stuttgart.de\/index.php?rest_route=\/wp\/v2\/pages\/11"}],"wp:attachment":[{"href":"https:\/\/www.silcherschule-stuttgart.de\/index.php?rest_route=%2Fwp%2Fv2%2Fmedia&parent=29"}],"curies":[{"name":"wp","href":"https:\/\/api.w.org\/{rel}","templated":true}]}}