{"id":25,"date":"2022-03-30T12:24:29","date_gmt":"2022-03-30T10:24:29","guid":{"rendered":"https:\/\/www.silcherschule-stuttgart.de\/?page_id=25"},"modified":"2024-10-15T18:34:30","modified_gmt":"2024-10-15T16:34:30","slug":"verlaessliche-grundschule","status":"publish","type":"page","link":"https:\/\/www.silcherschule-stuttgart.de\/?page_id=25","title":{"rendered":"Verl\u00e4ssliche Grundschule &#038; GFK"},"content":{"rendered":"<h2>verl\u00e4ssliche Grundschule und Grundschulf\u00f6rderklasse<\/h2>\t\t\n\t\t<p><\/p>\n<p><strong>Betreuung im Rahmen der verl\u00e4sslichen Grundschule und der Grundschulf\u00f6rderklasse<\/strong><\/p>\n<p><\/p>\n<p><\/p>\n<p><strong>Betreuung im Rahmen der verl\u00e4sslichen Grundschule f\u00fcr die Halbtagesklassen<\/strong><br \/>Im November 1990 hat die Silcherschule die Betreuung f\u00fcr Schulkinder eingef\u00fchrt, um Eltern zu unterst\u00fctzen.<br \/>Betreuung und Unterricht erg\u00e4nzen sich zu einem Gesamtkonzept, welches von einem p\u00e4dagogischen Team entwickelt und umgesetzt wird.<\/p>\n<p><\/p>\n<p><\/p>\n<p><strong>Betreuungsangebot: <br \/><\/strong>\u00a0 \u00a0 \u00a0<strong>eine Stunde vor<\/strong> Unterrichtsbeginn<br \/>\u00a0 \u00a0 \u00a0und ab Unterrichtsende bis<strong> 14:00 Uhr<\/strong><br \/>Es handelt sich hierbei um ein kostenpflichtiges Betreuungsangebot.<\/p>\n<p><\/p>\n<p><\/p>\n<p><\/p>","protected":false},"excerpt":{"rendered":"<p>verl\u00e4ssliche Grundschule und Grundschulf\u00f6rderklasse Betreuung im Rahmen der verl\u00e4sslichen Grundschule und der Grundschulf\u00f6rderklasse Betreuung im Rahmen der verl\u00e4sslichen Grundschule f\u00fcr die HalbtagesklassenIm November 1990 hat die Silcherschule die Betreuung f\u00fcr Schulkinder eingef\u00fchrt, um Eltern zu unterst\u00fctzen.Betreuung und Unterricht erg\u00e4nzen sich zu einem Gesamtkonzept, welches von einem p\u00e4dagogischen Team entwickelt und umgesetzt wird. Betreuungsangebot: \u00a0 \u00a0 [&hellip;]<\/p>\n","protected":false},"author":1,"featured_media":0,"parent":11,"menu_order":4,"comment_status":"closed","ping_status":"closed","template":"","meta":{"ocean_post_layout":"","ocean_both_sidebars_style":"","ocean_both_sidebars_content_width":0,"ocean_both_sidebars_sidebars_width":0,"ocean_sidebar":"0","ocean_second_sidebar":"0","ocean_disable_margins":"enable","ocean_add_body_class":"","ocean_shortcode_before_top_bar":"","ocean_shortcode_after_top_bar":"","ocean_shortcode_before_header":"","ocean_shortcode_after_header":"","ocean_has_shortcode":"","ocean_shortcode_after_title":"","ocean_shortcode_before_footer_widgets":"","ocean_shortcode_after_footer_widgets":"","ocean_shortcode_before_footer_bottom":"","ocean_shortcode_after_footer_bottom":"","ocean_display_top_bar":"default","ocean_display_header":"default","ocean_header_style":"","ocean_center_header_left_menu":"0","ocean_custom_header_template":"0","ocean_custom_logo":0,"ocean_custom_retina_logo":0,"ocean_custom_logo_max_width":0,"ocean_custom_logo_tablet_max_width":0,"ocean_custom_logo_mobile_max_width":0,"ocean_custom_logo_max_height":0,"ocean_custom_logo_tablet_max_height":0,"ocean_custom_logo_mobile_max_height":0,"ocean_header_custom_menu":"0","ocean_menu_typo_font_family":"0","ocean_menu_typo_font_subset":"","ocean_menu_typo_font_size":0,"ocean_menu_typo_font_size_tablet":0,"ocean_menu_typo_font_size_mobile":0,"ocean_menu_typo_font_size_unit":"px","ocean_menu_typo_font_weight":"","ocean_menu_typo_font_weight_tablet":"","ocean_menu_typo_font_weight_mobile":"","ocean_menu_typo_transform":"","ocean_menu_typo_transform_tablet":"","ocean_menu_typo_transform_mobile":"","ocean_menu_typo_line_height":0,"ocean_menu_typo_line_height_tablet":0,"ocean_menu_typo_line_height_mobile":0,"ocean_menu_typo_line_height_unit":"","ocean_menu_typo_spacing":0,"ocean_menu_typo_spacing_tablet":0,"ocean_menu_typo_spacing_mobile":0,"ocean_menu_typo_spacing_unit":"","ocean_menu_link_color":"","ocean_menu_link_color_hover":"","ocean_menu_link_color_active":"","ocean_menu_link_background":"","ocean_menu_link_hover_background":"","ocean_menu_link_active_background":"","ocean_menu_social_links_bg":"","ocean_menu_social_hover_links_bg":"","ocean_menu_social_links_color":"","ocean_menu_social_hover_links_color":"","ocean_disable_title":"default","ocean_disable_heading":"default","ocean_post_title":"","ocean_post_subheading":"","ocean_post_title_style":"","ocean_post_title_background_color":"","ocean_post_title_background":0,"ocean_post_title_bg_image_position":"","ocean_post_title_bg_image_attachment":"","ocean_post_title_bg_image_repeat":"","ocean_post_title_bg_image_size":"","ocean_post_title_height":0,"ocean_post_title_bg_overlay":0.5,"ocean_post_title_bg_overlay_color":"","ocean_disable_breadcrumbs":"default","ocean_breadcrumbs_color":"","ocean_breadcrumbs_separator_color":"","ocean_breadcrumbs_links_color":"","ocean_breadcrumbs_links_hover_color":"","ocean_display_footer_widgets":"default","ocean_display_footer_bottom":"default","ocean_custom_footer_template":"0","footnotes":""},"class_list":["post-25","page","type-page","status-publish","hentry","entry"],"_links":{"self":[{"href":"https:\/\/www.silcherschule-stuttgart.de\/index.php?rest_route=\/wp\/v2\/pages\/25","targetHints":{"allow":["GET"]}}],"collection":[{"href":"https:\/\/www.silcherschule-stuttgart.de\/index.php?rest_route=\/wp\/v2\/pages"}],"about":[{"href":"https:\/\/www.silcherschule-stuttgart.de\/index.php?rest_route=\/wp\/v2\/types\/page"}],"author":[{"embeddable":true,"href":"https:\/\/www.silcherschule-stuttgart.de\/index.php?rest_route=\/wp\/v2\/users\/1"}],"replies":[{"embeddable":true,"href":"https:\/\/www.silcherschule-stuttgart.de\/index.php?rest_route=%2Fwp%2Fv2%2Fcomments&post=25"}],"version-history":[{"count":47,"href":"https:\/\/www.silcherschule-stuttgart.de\/index.php?rest_route=\/wp\/v2\/pages\/25\/revisions"}],"predecessor-version":[{"id":2420,"href":"https:\/\/www.silcherschule-stuttgart.de\/index.php?rest_route=\/wp\/v2\/pages\/25\/revisions\/2420"}],"up":[{"embeddable":true,"href":"https:\/\/www.silcherschule-stuttgart.de\/index.php?rest_route=\/wp\/v2\/pages\/11"}],"wp:attachment":[{"href":"https:\/\/www.silcherschule-stuttgart.de\/index.php?rest_route=%2Fwp%2Fv2%2Fmedia&parent=25"}],"curies":[{"name":"wp","href":"https:\/\/api.w.org\/{rel}","templated":true}]}}