{"id":23,"date":"2022-03-30T12:23:34","date_gmt":"2022-03-30T10:23:34","guid":{"rendered":"https:\/\/www.silcherschule-stuttgart.de\/?page_id=23"},"modified":"2023-10-06T17:35:18","modified_gmt":"2023-10-06T15:35:18","slug":"leitgedanken","status":"publish","type":"page","link":"https:\/\/www.silcherschule-stuttgart.de\/?page_id=23","title":{"rendered":"Unser Leitbild"},"content":{"rendered":"<style>\/*! elementor - v3.16.0 - 20-09-2023 *\/\n.elementor-heading-title{padding:0;margin:0;line-height:1}.elementor-widget-heading .elementor-heading-title[class*=elementor-size-]>a{color:inherit;font-size:inherit;line-height:inherit}.elementor-widget-heading .elementor-heading-title.elementor-size-small{font-size:15px}.elementor-widget-heading .elementor-heading-title.elementor-size-medium{font-size:19px}.elementor-widget-heading .elementor-heading-title.elementor-size-large{font-size:29px}.elementor-widget-heading .elementor-heading-title.elementor-size-xl{font-size:39px}.elementor-widget-heading .elementor-heading-title.elementor-size-xxl{font-size:59px}<\/style><h2>Unser Leitbild<\/h2>\t\t\n\t\t<p><\/p>\n<p><strong>Gemeinsam f\u00fcr\u2019s Leben lernen \u2013 gemeinsam mit Freude leisten<\/strong><\/p>\n<p><\/p>\n<p><\/p>\n<ul class=\"wp-block-list\">\n<li><strong>Unsere Schule ist ein sozialer Lern- und Lebensraum, in dem sich alle wohlf\u00fchlen k\u00f6nnen.<\/strong><\/li>\n<li>Wir leben und lernen friedlich miteinander auf der Grundlage gegenseitiger Achtung und Toleranz.<\/li>\n<li>Wir begegnen uns h\u00f6flich, r\u00fccksichtsvoll und hilfsbereit.<\/li>\n<li>Alle halten sich an die gemeinsam vereinbarten Schulregeln.<\/li>\n<li>Wir schaffen f\u00f6rderliche Rahmenbedingungen, durch die das Lernen, Spielen und Arbeiten der Kinder gelingt.<\/li>\n<li>Wir achten auf unsere Gesundheit.<\/li>\n<li>Alle bekommen die M\u00f6glichkeit, ihre Anliegen einzubringen und sich an gemeinsamen Entscheidungen zu beteiligen.<\/li>\n<li><strong>Jedes Kind kann in unserer Schule seine vielf\u00e4ltigen M\u00f6glichkeiten entwickeln.<\/strong><\/li>\n<li>Die Kinder lernen entsprechend ihrer Begabungen und werden gefordert.<\/li>\n<li>Bei besonderem F\u00f6rderbedarf nutzen wir f\u00fcr das Kind die Unterst\u00fctzungsangebote von Bildungspartnern.<\/li>\n<li>Wir gestalten den ganzen Schultag praxis- und lebensnah.<\/li>\n<li>Die Entwicklung der Sprachkompetenz ist f\u00fcr uns ein zentraler Schwerpunkt.<\/li>\n<li>Verschiedene Kooperations- und Institutionspartner werden in die Aktivit\u00e4ten unserer Schule einbezogen.<\/li>\n<li>Die Kinder werden vom Kindergarten bis zur weiterf\u00fchrenden Schule begleitet und unterst\u00fctzt.<\/li>\n<li><strong>Alle am Schulleben Beteiligten arbeiten konstruktiv zusammen.<\/strong><\/li>\n<li>Lehrkr\u00e4fte und p\u00e4dagogische Fachkr\u00e4fte tauschen sich intensiv aus und stimmen sich in ihrer Erziehungsarbeit ab.<\/li>\n<li>Wir legen in allen Bereichen des Schullebens gro\u00dfen Wert auf die vertrauensvolle und konstruktive Zusammenarbeit mit den Eltern.<\/li>\n<li>Uns ist es wichtig, bei Bedarf mit Bildungspartnern zu kooperieren.<\/li>\n<li><strong>Wir sichern durch stetige Weiterentwicklung die Qualit\u00e4t unserer Schule.<\/strong><\/li>\n<li>Alle Lehrkr\u00e4fte und p\u00e4dagogischen Fachkr\u00e4fte bilden sich regelm\u00e4\u00dfig fort.<\/li>\n<li>Die Lehrkr\u00e4fte beraten sich nachhaltig \u00fcber ihre Unterrichtsarbeit.<\/li>\n<\/ul>\n<p><\/p>\n<p><\/p>\n<p><\/p>\n<p><\/p>\n<p class=\"is-content-justification-space-between is-layout-flex wp-container-core-buttons-is-layout-3d213aab wp-block-buttons-is-layout-flex\"><\/p>\t\t\n\t\t\t<h2>Erfahren Sie hier mehr \u00fcber unsere den Unterricht erg\u00e4nzenden Schwerpunkte<\/h2>\t\t\n\t\t\t<a href=\"https:\/\/www.silcherschule-stuttgart.de\/?page_id=163\">\n\t\t\t\t\t\tSoziales Lernen\n\t\t\t\t\t<\/a>\n\t\t\t<a href=\"https:\/\/www.silcherschule-stuttgart.de\/?page_id=607\">\n\t\t\t\t\t\tLesekompetenz\n\t\t\t\t\t<\/a>\n\t\t\t<a href=\"https:\/\/www.silcherschule-stuttgart.de\/?page_id=604\">\n\t\t\t\t\t\tMusisch-\u00e4sthetische F\u00f6rderung\n\t\t\t\t\t<\/a>\n\t\t\t<a href=\"https:\/\/www.silcherschule-stuttgart.de\/?page_id=609\">\n\t\t\t\t\t\tSportliche F\u00f6rderung\n\t\t\t\t\t<\/a>\n\t\t\t<style>\/*! elementor - v3.16.0 - 20-09-2023 *\/\n.elementor-column .elementor-spacer-inner{height:var(--spacer-size)}.e-con{--container-widget-width:100%}.e-con-inner>.elementor-widget-spacer,.e-con>.elementor-widget-spacer{width:var(--container-widget-width,var(--spacer-size));--align-self:var(--container-widget-align-self,initial);--flex-shrink:0}.e-con-inner>.elementor-widget-spacer>.elementor-widget-container,.e-con>.elementor-widget-spacer>.elementor-widget-container{height:100%;width:100%}.e-con-inner>.elementor-widget-spacer>.elementor-widget-container>.elementor-spacer,.e-con>.elementor-widget-spacer>.elementor-widget-container>.elementor-spacer{height:100%}.e-con-inner>.elementor-widget-spacer>.elementor-widget-container>.elementor-spacer>.elementor-spacer-inner,.e-con>.elementor-widget-spacer>.elementor-widget-container>.elementor-spacer>.elementor-spacer-inner{height:var(--container-widget-height,var(--spacer-size))}.e-con-inner>.elementor-widget-spacer.elementor-widget-empty,.e-con>.elementor-widget-spacer.elementor-widget-empty{position:relative;min-height:22px;min-width:22px}.e-con-inner>.elementor-widget-spacer.elementor-widget-empty .elementor-widget-empty-icon,.e-con>.elementor-widget-spacer.elementor-widget-empty .elementor-widget-empty-icon{position:absolute;top:0;bottom:0;left:0;right:0;margin:auto;padding:0;width:22px;height:22px}<\/style>","protected":false},"excerpt":{"rendered":"<p>Unser Leitbild Gemeinsam f\u00fcr\u2019s Leben lernen \u2013 gemeinsam mit Freude leisten Unsere Schule ist ein sozialer Lern- und Lebensraum, in dem sich alle wohlf\u00fchlen k\u00f6nnen. Wir leben und lernen friedlich miteinander auf der Grundlage gegenseitiger Achtung und Toleranz. Wir begegnen uns h\u00f6flich, r\u00fccksichtsvoll und hilfsbereit. Alle halten sich an die gemeinsam vereinbarten Schulregeln. Wir schaffen [&hellip;]<\/p>\n","protected":false},"author":1,"featured_media":0,"parent":11,"menu_order":2,"comment_status":"closed","ping_status":"closed","template":"","meta":{"ocean_post_layout":"","ocean_both_sidebars_style":"","ocean_both_sidebars_content_width":0,"ocean_both_sidebars_sidebars_width":0,"ocean_sidebar":"0","ocean_second_sidebar":"0","ocean_disable_margins":"enable","ocean_add_body_class":"","ocean_shortcode_before_top_bar":"","ocean_shortcode_after_top_bar":"","ocean_shortcode_before_header":"","ocean_shortcode_after_header":"","ocean_has_shortcode":"","ocean_shortcode_after_title":"","ocean_shortcode_before_footer_widgets":"","ocean_shortcode_after_footer_widgets":"","ocean_shortcode_before_footer_bottom":"","ocean_shortcode_after_footer_bottom":"","ocean_display_top_bar":"default","ocean_display_header":"default","ocean_header_style":"","ocean_center_header_left_menu":"0","ocean_custom_header_template":"0","ocean_custom_logo":0,"ocean_custom_retina_logo":0,"ocean_custom_logo_max_width":0,"ocean_custom_logo_tablet_max_width":0,"ocean_custom_logo_mobile_max_width":0,"ocean_custom_logo_max_height":0,"ocean_custom_logo_tablet_max_height":0,"ocean_custom_logo_mobile_max_height":0,"ocean_header_custom_menu":"0","ocean_menu_typo_font_family":"0","ocean_menu_typo_font_subset":"","ocean_menu_typo_font_size":0,"ocean_menu_typo_font_size_tablet":0,"ocean_menu_typo_font_size_mobile":0,"ocean_menu_typo_font_size_unit":"px","ocean_menu_typo_font_weight":"","ocean_menu_typo_font_weight_tablet":"","ocean_menu_typo_font_weight_mobile":"","ocean_menu_typo_transform":"","ocean_menu_typo_transform_tablet":"","ocean_menu_typo_transform_mobile":"","ocean_menu_typo_line_height":0,"ocean_menu_typo_line_height_tablet":0,"ocean_menu_typo_line_height_mobile":0,"ocean_menu_typo_line_height_unit":"","ocean_menu_typo_spacing":0,"ocean_menu_typo_spacing_tablet":0,"ocean_menu_typo_spacing_mobile":0,"ocean_menu_typo_spacing_unit":"","ocean_menu_link_color":"","ocean_menu_link_color_hover":"","ocean_menu_link_color_active":"","ocean_menu_link_background":"","ocean_menu_link_hover_background":"","ocean_menu_link_active_background":"","ocean_menu_social_links_bg":"","ocean_menu_social_hover_links_bg":"","ocean_menu_social_links_color":"","ocean_menu_social_hover_links_color":"","ocean_disable_title":"default","ocean_disable_heading":"default","ocean_post_title":"","ocean_post_subheading":"","ocean_post_title_style":"","ocean_post_title_background_color":"","ocean_post_title_background":0,"ocean_post_title_bg_image_position":"","ocean_post_title_bg_image_attachment":"","ocean_post_title_bg_image_repeat":"","ocean_post_title_bg_image_size":"","ocean_post_title_height":0,"ocean_post_title_bg_overlay":0.5,"ocean_post_title_bg_overlay_color":"","ocean_disable_breadcrumbs":"default","ocean_breadcrumbs_color":"","ocean_breadcrumbs_separator_color":"","ocean_breadcrumbs_links_color":"","ocean_breadcrumbs_links_hover_color":"","ocean_display_footer_widgets":"default","ocean_display_footer_bottom":"default","ocean_custom_footer_template":"0","footnotes":""},"class_list":["post-23","page","type-page","status-publish","hentry","entry"],"_links":{"self":[{"href":"https:\/\/www.silcherschule-stuttgart.de\/index.php?rest_route=\/wp\/v2\/pages\/23","targetHints":{"allow":["GET"]}}],"collection":[{"href":"https:\/\/www.silcherschule-stuttgart.de\/index.php?rest_route=\/wp\/v2\/pages"}],"about":[{"href":"https:\/\/www.silcherschule-stuttgart.de\/index.php?rest_route=\/wp\/v2\/types\/page"}],"author":[{"embeddable":true,"href":"https:\/\/www.silcherschule-stuttgart.de\/index.php?rest_route=\/wp\/v2\/users\/1"}],"replies":[{"embeddable":true,"href":"https:\/\/www.silcherschule-stuttgart.de\/index.php?rest_route=%2Fwp%2Fv2%2Fcomments&post=23"}],"version-history":[{"count":34,"href":"https:\/\/www.silcherschule-stuttgart.de\/index.php?rest_route=\/wp\/v2\/pages\/23\/revisions"}],"predecessor-version":[{"id":2172,"href":"https:\/\/www.silcherschule-stuttgart.de\/index.php?rest_route=\/wp\/v2\/pages\/23\/revisions\/2172"}],"up":[{"embeddable":true,"href":"https:\/\/www.silcherschule-stuttgart.de\/index.php?rest_route=\/wp\/v2\/pages\/11"}],"wp:attachment":[{"href":"https:\/\/www.silcherschule-stuttgart.de\/index.php?rest_route=%2Fwp%2Fv2%2Fmedia&parent=23"}],"curies":[{"name":"wp","href":"https:\/\/api.w.org\/{rel}","templated":true}]}}