{"id":21,"date":"2022-03-30T12:22:58","date_gmt":"2022-03-30T10:22:58","guid":{"rendered":"https:\/\/www.silcherschule-stuttgart.de\/?page_id=21"},"modified":"2023-10-06T16:55:41","modified_gmt":"2023-10-06T14:55:41","slug":"rundgang","status":"publish","type":"page","link":"https:\/\/www.silcherschule-stuttgart.de\/?page_id=21","title":{"rendered":"Rundgang"},"content":{"rendered":"<style>\/*! elementor - v3.16.0 - 20-09-2023 *\/\n.elementor-heading-title{padding:0;margin:0;line-height:1}.elementor-widget-heading .elementor-heading-title[class*=elementor-size-]>a{color:inherit;font-size:inherit;line-height:inherit}.elementor-widget-heading .elementor-heading-title.elementor-size-small{font-size:15px}.elementor-widget-heading .elementor-heading-title.elementor-size-medium{font-size:19px}.elementor-widget-heading .elementor-heading-title.elementor-size-large{font-size:29px}.elementor-widget-heading .elementor-heading-title.elementor-size-xl{font-size:39px}.elementor-widget-heading .elementor-heading-title.elementor-size-xxl{font-size:59px}<\/style>\n<h2>Rundgang<\/h2>\n<style>\/*! elementor - v3.16.0 - 20-09-2023 *\/\n.elementor-column .elementor-spacer-inner{height:var(--spacer-size)}.e-con{--container-widget-width:100%}.e-con-inner>.elementor-widget-spacer,.e-con>.elementor-widget-spacer{width:var(--container-widget-width,var(--spacer-size));--align-self:var(--container-widget-align-self,initial);--flex-shrink:0}.e-con-inner>.elementor-widget-spacer>.elementor-widget-container,.e-con>.elementor-widget-spacer>.elementor-widget-container{height:100%;width:100%}.e-con-inner>.elementor-widget-spacer>.elementor-widget-container>.elementor-spacer,.e-con>.elementor-widget-spacer>.elementor-widget-container>.elementor-spacer{height:100%}.e-con-inner>.elementor-widget-spacer>.elementor-widget-container>.elementor-spacer>.elementor-spacer-inner,.e-con>.elementor-widget-spacer>.elementor-widget-container>.elementor-spacer>.elementor-spacer-inner{height:var(--container-widget-height,var(--spacer-size))}.e-con-inner>.elementor-widget-spacer.elementor-widget-empty,.e-con>.elementor-widget-spacer.elementor-widget-empty{position:relative;min-height:22px;min-width:22px}.e-con-inner>.elementor-widget-spacer.elementor-widget-empty .elementor-widget-empty-icon,.e-con>.elementor-widget-spacer.elementor-widget-empty .elementor-widget-empty-icon{position:absolute;top:0;bottom:0;left:0;right:0;margin:auto;padding:0;width:22px;height:22px}<\/style>\n<p>\t\t\t<a href=\"https:\/\/www.silcherschule-stuttgart.de\/?page_id=21\"><br \/>\n\t\t\t\t\t\tPausenhof<br \/>\n\t\t\t\t\t<\/a><br \/>\n\t\t\t<a href=\"https:\/\/www.silcherschule-stuttgart.de\/?page_id=99\"><br \/>\n\t\t\t\t\t\tSchulgeb\u00e4ude<br \/>\n\t\t\t\t\t<\/a><br \/>\n\t\t\t<a href=\"https:\/\/www.silcherschule-stuttgart.de\/?page_id=108\"><br \/>\n\t\t\t\t\t\tSchulgel\u00e4nde<br \/>\n\t\t\t\t\t<\/a><br \/>\n\t\t\t<a href=\"https:\/\/www.silcherschule-stuttgart.de\/?page_id=124\"><br \/>\n\t\t\t\t\t\tSportanlagen<br \/>\n\t\t\t\t\t<\/a><br \/>\n\t\t\t<a href=\"https:\/\/www.silcherschule-stuttgart.de\/?page_id=130\"><br \/>\n\t\t\t\t\t\tSchulb\u00fccherei<br \/>\n\t\t\t\t\t<\/a><br \/>\n\t\t\t<a href=\"https:\/\/www.silcherschule-stuttgart.de\/?page_id=154\"><br \/>\n\t\t\t\t\t\tMensa und Werkraum<br \/>\n\t\t\t\t\t<\/a><\/p>\n<p>Klicken Sie auf die Buttons, um zu dem jeweiligen Bereich zu gelangen.<\/p>\n<p>Auf unserem gro\u00dfz\u00fcgigen und gr\u00fcnen Pausenhof bieten zahlreiche Spielger\u00e4te viele Aktivit\u00e4tsm\u00f6glichkeiten und die im Sommer 2020 neu errichtete Holzterrasse l\u00e4dt zum Verweilen ein.<\/p>\n<style>\/*! elementor - v3.16.0 - 20-09-2023 *\/\n.elementor-widget-image-carousel .swiper,.elementor-widget-image-carousel .swiper-container{position:static}.elementor-widget-image-carousel .swiper-container .swiper-slide figure,.elementor-widget-image-carousel .swiper .swiper-slide figure{line-height:inherit}.elementor-widget-image-carousel .swiper-slide{text-align:center}.elementor-image-carousel-wrapper:not(.swiper-container-initialized):not(.swiper-initialized) .swiper-slide{max-width:calc(100% \/ var(--e-image-carousel-slides-to-show, 3))}<\/style>\n<figure><img decoding=\"async\" src=\"https:\/\/www.silcherschule-stuttgart.de\/wp-content\/uploads\/2022\/04\/DSC_0034-300x199.jpg\" alt=\"DSC_0034\" \/><\/figure>\n<figure><img decoding=\"async\" src=\"https:\/\/www.silcherschule-stuttgart.de\/wp-content\/uploads\/2022\/04\/DSC_0044-300x199.jpg\" alt=\"DSC_0044\" \/><\/figure>\n<figure><img decoding=\"async\" src=\"https:\/\/www.silcherschule-stuttgart.de\/wp-content\/uploads\/2022\/04\/DSC_0043-300x199.jpg\" alt=\"DSC_0043\" \/><\/figure>\n<figure><img decoding=\"async\" src=\"https:\/\/www.silcherschule-stuttgart.de\/wp-content\/uploads\/2022\/04\/DSC_0031-300x199.jpg\" alt=\"DSC_0031\" \/><\/figure>\n<figure><img decoding=\"async\" src=\"https:\/\/www.silcherschule-stuttgart.de\/wp-content\/uploads\/2022\/04\/DSC_0029-300x199.jpg\" alt=\"DSC_0029\" \/><\/figure>\n<figure><img decoding=\"async\" src=\"https:\/\/www.silcherschule-stuttgart.de\/wp-content\/uploads\/2022\/04\/DSC_0041-199x300.jpg\" alt=\"DSC_0041\" \/><\/figure>\n<figure><img decoding=\"async\" src=\"https:\/\/www.silcherschule-stuttgart.de\/wp-content\/uploads\/2022\/04\/DSC_0028-300x199.jpg\" alt=\"Bau 2\" \/><figcaption>Bau 2<\/figcaption><\/figure>\n<figure><img decoding=\"async\" src=\"https:\/\/www.silcherschule-stuttgart.de\/wp-content\/uploads\/2022\/04\/DSC_0027-300x199.jpg\" alt=\"DSC_0027\" \/><\/figure>\n<figure><img decoding=\"async\" src=\"https:\/\/www.silcherschule-stuttgart.de\/wp-content\/uploads\/2022\/04\/Dschungelfieber-1-300x199.jpg\" alt=\"Dschungelfieber 1\" \/><\/figure>\n","protected":false},"excerpt":{"rendered":"<p>Rundgang Pausenhof Schulgeb\u00e4ude Schulgel\u00e4nde Sportanlagen Schulb\u00fccherei Mensa und Werkraum Klicken Sie auf die Buttons, um zu dem jeweiligen Bereich zu gelangen. Auf unserem gro\u00dfz\u00fcgigen und gr\u00fcnen Pausenhof bieten zahlreiche Spielger\u00e4te viele Aktivit\u00e4tsm\u00f6glichkeiten und die im Sommer 2020 neu errichtete Holzterrasse l\u00e4dt zum Verweilen ein. Bau 2<\/p>\n","protected":false},"author":1,"featured_media":0,"parent":11,"menu_order":1,"comment_status":"closed","ping_status":"closed","template":"","meta":{"ocean_post_layout":"","ocean_both_sidebars_style":"","ocean_both_sidebars_content_width":0,"ocean_both_sidebars_sidebars_width":0,"ocean_sidebar":"0","ocean_second_sidebar":"0","ocean_disable_margins":"enable","ocean_add_body_class":"","ocean_shortcode_before_top_bar":"","ocean_shortcode_after_top_bar":"","ocean_shortcode_before_header":"","ocean_shortcode_after_header":"","ocean_has_shortcode":"","ocean_shortcode_after_title":"","ocean_shortcode_before_footer_widgets":"","ocean_shortcode_after_footer_widgets":"","ocean_shortcode_before_footer_bottom":"","ocean_shortcode_after_footer_bottom":"","ocean_display_top_bar":"default","ocean_display_header":"default","ocean_header_style":"","ocean_center_header_left_menu":"0","ocean_custom_header_template":"0","ocean_custom_logo":0,"ocean_custom_retina_logo":0,"ocean_custom_logo_max_width":0,"ocean_custom_logo_tablet_max_width":0,"ocean_custom_logo_mobile_max_width":0,"ocean_custom_logo_max_height":0,"ocean_custom_logo_tablet_max_height":0,"ocean_custom_logo_mobile_max_height":0,"ocean_header_custom_menu":"0","ocean_menu_typo_font_family":"0","ocean_menu_typo_font_subset":"","ocean_menu_typo_font_size":0,"ocean_menu_typo_font_size_tablet":0,"ocean_menu_typo_font_size_mobile":0,"ocean_menu_typo_font_size_unit":"px","ocean_menu_typo_font_weight":"","ocean_menu_typo_font_weight_tablet":"","ocean_menu_typo_font_weight_mobile":"","ocean_menu_typo_transform":"","ocean_menu_typo_transform_tablet":"","ocean_menu_typo_transform_mobile":"","ocean_menu_typo_line_height":0,"ocean_menu_typo_line_height_tablet":0,"ocean_menu_typo_line_height_mobile":0,"ocean_menu_typo_line_height_unit":"","ocean_menu_typo_spacing":0,"ocean_menu_typo_spacing_tablet":0,"ocean_menu_typo_spacing_mobile":0,"ocean_menu_typo_spacing_unit":"","ocean_menu_link_color":"","ocean_menu_link_color_hover":"","ocean_menu_link_color_active":"","ocean_menu_link_background":"","ocean_menu_link_hover_background":"","ocean_menu_link_active_background":"","ocean_menu_social_links_bg":"","ocean_menu_social_hover_links_bg":"","ocean_menu_social_links_color":"","ocean_menu_social_hover_links_color":"","ocean_disable_title":"default","ocean_disable_heading":"default","ocean_post_title":"","ocean_post_subheading":"","ocean_post_title_style":"","ocean_post_title_background_color":"","ocean_post_title_background":0,"ocean_post_title_bg_image_position":"","ocean_post_title_bg_image_attachment":"","ocean_post_title_bg_image_repeat":"","ocean_post_title_bg_image_size":"","ocean_post_title_height":0,"ocean_post_title_bg_overlay":0.5,"ocean_post_title_bg_overlay_color":"","ocean_disable_breadcrumbs":"default","ocean_breadcrumbs_color":"","ocean_breadcrumbs_separator_color":"","ocean_breadcrumbs_links_color":"","ocean_breadcrumbs_links_hover_color":"","ocean_display_footer_widgets":"default","ocean_display_footer_bottom":"default","ocean_custom_footer_template":"0","footnotes":""},"class_list":["post-21","page","type-page","status-publish","hentry","entry"],"_links":{"self":[{"href":"https:\/\/www.silcherschule-stuttgart.de\/index.php?rest_route=\/wp\/v2\/pages\/21","targetHints":{"allow":["GET"]}}],"collection":[{"href":"https:\/\/www.silcherschule-stuttgart.de\/index.php?rest_route=\/wp\/v2\/pages"}],"about":[{"href":"https:\/\/www.silcherschule-stuttgart.de\/index.php?rest_route=\/wp\/v2\/types\/page"}],"author":[{"embeddable":true,"href":"https:\/\/www.silcherschule-stuttgart.de\/index.php?rest_route=\/wp\/v2\/users\/1"}],"replies":[{"embeddable":true,"href":"https:\/\/www.silcherschule-stuttgart.de\/index.php?rest_route=%2Fwp%2Fv2%2Fcomments&post=21"}],"version-history":[{"count":138,"href":"https:\/\/www.silcherschule-stuttgart.de\/index.php?rest_route=\/wp\/v2\/pages\/21\/revisions"}],"predecessor-version":[{"id":2100,"href":"https:\/\/www.silcherschule-stuttgart.de\/index.php?rest_route=\/wp\/v2\/pages\/21\/revisions\/2100"}],"up":[{"embeddable":true,"href":"https:\/\/www.silcherschule-stuttgart.de\/index.php?rest_route=\/wp\/v2\/pages\/11"}],"wp:attachment":[{"href":"https:\/\/www.silcherschule-stuttgart.de\/index.php?rest_route=%2Fwp%2Fv2%2Fmedia&parent=21"}],"curies":[{"name":"wp","href":"https:\/\/api.w.org\/{rel}","templated":true}]}}