{"id":13,"date":"2022-03-30T12:20:26","date_gmt":"2022-03-30T10:20:26","guid":{"rendered":"https:\/\/www.silcherschule-stuttgart.de\/?page_id=13"},"modified":"2026-01-08T20:06:50","modified_gmt":"2026-01-08T19:06:50","slug":"menschen","status":"publish","type":"page","link":"https:\/\/www.silcherschule-stuttgart.de\/?page_id=13","title":{"rendered":"Personen"},"content":{"rendered":"<h2>Personen<\/h2>\n<h2>Schulleitung<\/h2>\n<p>Jana Bergemann, Schulleiterin<br \/>Caroline P\u00e4sold, stellvertr. Schulleiterin<\/p>\n<h2>Verwaltung<\/h2>\n<p>Cornelia Briz, Sekret\u00e4rin&nbsp; &nbsp; &nbsp; &nbsp; &nbsp; &nbsp; &nbsp; &nbsp; &nbsp; &nbsp; &nbsp; &nbsp; &nbsp; &nbsp; &nbsp; &nbsp; &nbsp; &nbsp; &nbsp; &nbsp; &nbsp; &nbsp; &nbsp; &nbsp; &nbsp; &nbsp; &nbsp; &nbsp; &nbsp; &nbsp; &nbsp; &nbsp; &nbsp; &nbsp; &nbsp; &nbsp; &nbsp; &nbsp; &nbsp; &nbsp; &nbsp; &nbsp; &nbsp; &nbsp; &nbsp; &nbsp; &nbsp; &nbsp; &nbsp; &nbsp; &nbsp; &nbsp; &nbsp; &nbsp; &nbsp; &nbsp; &nbsp;<\/p>\n<p>\t\t\t\t\t\t\t\t\t\t\t\t\t\t\t<img decoding=\"async\" src=\"https:\/\/www.silcherschule-stuttgart.de\/wp-content\/uploads\/elementor\/thumbs\/Hausmeister-1-scaled-e1651141014513-q6at09eczbivwac6e5xm8ukau3leoki6nv3vzjyhqc.jpg\" title=\"Hausmeister\" alt=\"Hausmeister\" loading=\"lazy\" \/>\t\t\t\t\t\t\t\t\t\t\t\t\t\t\t<\/p>\n<p>Eugen Weimer, Hausmeister<\/p>\n<h2>Lehrerinnen und Lehrer der Silcherschule<\/h2>\n<p>Foto folgt in K\u00fcrze<\/p>\n<h2>Die Kinder <\/h2>\n<p>sind die wichtigsten Personen an der Schule. Zur Zeit sind es fast 400. Viele von ihnen werden wir auf den anderen Seiten bei Aktivit\u00e4ten zeigen.<\/p>\n<h2>Ganztagesschule<\/h2>\n<p>\t\t\t\t\t\t\t\t\t\t\t\t\t\t\t<img decoding=\"async\" src=\"https:\/\/www.silcherschule-stuttgart.de\/wp-content\/uploads\/elementor\/thumbs\/Foto-Leitungsteam-1-rfx10x4trvse7v1ffe1qpgpiazdmv3udijvy9akg4g.jpg\" title=\"Foto Leitungsteam\" alt=\"Foto Leitungsteam\" loading=\"lazy\" \/>\t\t\t\t\t\t\t\t\t\t\t\t\t\t\t<\/p>\n<p>Leitung Annemarie Bresch\u00a0 \u00a0 \u00a0 \u00a0 \u00a0 \u00a0 \u00a0 \u00a0 \u00a0 \u00a0 \u00a0 \u00a0 \u00a0 \u00a0 \u00a0 \u00a0 \u00a0 \u00a0 \u00a0 \u00a0 \u00a0 \u00a0 \u00a0 \u00a0 \u00a0 \u00a0 \u00a0 \u00a0 \u00a0 \u00a0 \u00a0 \u00a0 \u00a0 \u00a0 \u00a0 \u00a0 \u00a0 \u00a0 \u00a0 \u00a0 \u00a0 \u00a0 \u00a0 \u00a0 \u00a0 \u00a0 \u00a0 \u00a0 \u00a0 \u00a0 \u00a0 \u00a0 Mail:\u00a0 \u00a0 \u00a0a.bresch@sportvg-feuerbach.de\u00a0 \u00a0<\/p>\n<p>stellvertretende Leitung: Vincenzo Leotta\u00a0 \u00a0 \u00a0 \u00a0 \u00a0 \u00a0 \u00a0 \u00a0 \u00a0 \u00a0 \u00a0 \u00a0 \u00a0 \u00a0 \u00a0 \u00a0 \u00a0 \u00a0 \u00a0 \u00a0 \u00a0 \u00a0 \u00a0 \u00a0 \u00a0 \u00a0 \u00a0 \u00a0 \u00a0 \u00a0 \u00a0 \u00a0 \u00a0 \u00a0 \u00a0 \u00a0 \u00a0 \u00a0 \u00a0 Mail:\u00a0 \u00a0 \u00a0v.leotta@sportvg-feuerbach.de<\/p>\n<p>Tel.:\u00a0 \u00a0 \u00a0 0711\/216-60340 \u00a0 \u00a0 \u00a0 \u00a0 \u00a0 \u00a0 \u00a0 \u00a0 \u00a0 \u00a0 \u00a0 \u00a0 \u00a0 \u00a0 \u00a0 \u00a0 \u00a0 \u00a0 \u00a0 \u00a0 \u00a0 \u00a0 \u00a0 \u00a0 \u00a0 \u00a0 \u00a0 \u00a0 \u00a0 \u00a0 \u00a0 \u00a0 \u00a0 \u00a0 \u00a0 \u00a0 \u00a0 \u00a0 \u00a0 \u00a0 \u00a0 \u00a0 \u00a0 \u00a0 \u00a0 \u00a0 \u00a0\u00a0<\/p>\n<h2>Der Elternbeirat<\/h2>\n<p>Die Silcherschule hat einen sehr aktiven Elternbeirat, der sich engagiert am Schulleben beteiligt:<br \/>Er gestaltet einzelne Aktivit\u00e4ten der Schule mit, bringt Vorschl\u00e4ge f\u00fcr das Schulleben ein, spricht m\u00f6gliche Probleme an und ber\u00e4t \u00fcber Themen, die f\u00fcr die Kinder und die Schule wichtig sind.<\/p>\n<p>Der Elternbeirat setzt sich aus zwei Elternvertreter_innen pro Schulklasse zusammen, die zu Beginn des Schuljahres gew\u00e4hlt werden. Somit hat die Silcherschule 16&#215;2 Elternbeir\u00e4te. Mindestens einmal pro Schulhalbjahr trifft sich der Elternbeirat zu einer ordentlichen Sitzung, um zusammen mit der Schulleitung die wesentlichen Themen zu bearbeiten.<\/p>\n<p>Das Wohl aller Kinder liegt den Eltern genauso am Herzen wie den Lehrerinnen und deshalb ist eine intensive Zusammenarbeit wichtig. Wenn Eltern sich f\u00fcr die Schule interessieren und sich aktiv einbringen wollen, ist das die beste Art, die Kinder auf dem Weg durch die Schulzeit zu begleiten.<\/p>\n","protected":false},"excerpt":{"rendered":"<p>Personen Schulleitung Jana Bergemann, SchulleiterinCaroline P\u00e4sold, stellvertr. Schulleiterin Verwaltung Cornelia Briz, Sekret\u00e4rin&nbsp; &nbsp; &nbsp; &nbsp; &nbsp; &nbsp; &nbsp; &nbsp; &nbsp; &nbsp; &nbsp; &nbsp; &nbsp; &nbsp; &nbsp; &nbsp; &nbsp; &nbsp; &nbsp; &nbsp; &nbsp; &nbsp; &nbsp; &nbsp; &nbsp; &nbsp; &nbsp; &nbsp; &nbsp; &nbsp; &nbsp; &nbsp; &nbsp; &nbsp; &nbsp; &nbsp; &nbsp; &nbsp; &nbsp; &nbsp; &nbsp; &nbsp; &nbsp; &nbsp; [&hellip;]<\/p>\n","protected":false},"author":1,"featured_media":0,"parent":0,"menu_order":3,"comment_status":"closed","ping_status":"closed","template":"","meta":{"ocean_post_layout":"","ocean_both_sidebars_style":"","ocean_both_sidebars_content_width":0,"ocean_both_sidebars_sidebars_width":0,"ocean_sidebar":"0","ocean_second_sidebar":"0","ocean_disable_margins":"enable","ocean_add_body_class":"","ocean_shortcode_before_top_bar":"","ocean_shortcode_after_top_bar":"","ocean_shortcode_before_header":"","ocean_shortcode_after_header":"","ocean_has_shortcode":"","ocean_shortcode_after_title":"","ocean_shortcode_before_footer_widgets":"","ocean_shortcode_after_footer_widgets":"","ocean_shortcode_before_footer_bottom":"","ocean_shortcode_after_footer_bottom":"","ocean_display_top_bar":"default","ocean_display_header":"default","ocean_header_style":"","ocean_center_header_left_menu":"0","ocean_custom_header_template":"0","ocean_custom_logo":0,"ocean_custom_retina_logo":0,"ocean_custom_logo_max_width":0,"ocean_custom_logo_tablet_max_width":0,"ocean_custom_logo_mobile_max_width":0,"ocean_custom_logo_max_height":0,"ocean_custom_logo_tablet_max_height":0,"ocean_custom_logo_mobile_max_height":0,"ocean_header_custom_menu":"0","ocean_menu_typo_font_family":"0","ocean_menu_typo_font_subset":"","ocean_menu_typo_font_size":0,"ocean_menu_typo_font_size_tablet":0,"ocean_menu_typo_font_size_mobile":0,"ocean_menu_typo_font_size_unit":"px","ocean_menu_typo_font_weight":"","ocean_menu_typo_font_weight_tablet":"","ocean_menu_typo_font_weight_mobile":"","ocean_menu_typo_transform":"","ocean_menu_typo_transform_tablet":"","ocean_menu_typo_transform_mobile":"","ocean_menu_typo_line_height":0,"ocean_menu_typo_line_height_tablet":0,"ocean_menu_typo_line_height_mobile":0,"ocean_menu_typo_line_height_unit":"","ocean_menu_typo_spacing":0,"ocean_menu_typo_spacing_tablet":0,"ocean_menu_typo_spacing_mobile":0,"ocean_menu_typo_spacing_unit":"","ocean_menu_link_color":"","ocean_menu_link_color_hover":"","ocean_menu_link_color_active":"","ocean_menu_link_background":"","ocean_menu_link_hover_background":"","ocean_menu_link_active_background":"","ocean_menu_social_links_bg":"","ocean_menu_social_hover_links_bg":"","ocean_menu_social_links_color":"","ocean_menu_social_hover_links_color":"","ocean_disable_title":"default","ocean_disable_heading":"default","ocean_post_title":"","ocean_post_subheading":"","ocean_post_title_style":"","ocean_post_title_background_color":"","ocean_post_title_background":0,"ocean_post_title_bg_image_position":"","ocean_post_title_bg_image_attachment":"","ocean_post_title_bg_image_repeat":"","ocean_post_title_bg_image_size":"","ocean_post_title_height":0,"ocean_post_title_bg_overlay":0.5,"ocean_post_title_bg_overlay_color":"","ocean_disable_breadcrumbs":"default","ocean_breadcrumbs_color":"","ocean_breadcrumbs_separator_color":"","ocean_breadcrumbs_links_color":"","ocean_breadcrumbs_links_hover_color":"","ocean_display_footer_widgets":"default","ocean_display_footer_bottom":"default","ocean_custom_footer_template":"0","footnotes":""},"class_list":["post-13","page","type-page","status-publish","hentry","entry"],"_links":{"self":[{"href":"https:\/\/www.silcherschule-stuttgart.de\/index.php?rest_route=\/wp\/v2\/pages\/13","targetHints":{"allow":["GET"]}}],"collection":[{"href":"https:\/\/www.silcherschule-stuttgart.de\/index.php?rest_route=\/wp\/v2\/pages"}],"about":[{"href":"https:\/\/www.silcherschule-stuttgart.de\/index.php?rest_route=\/wp\/v2\/types\/page"}],"author":[{"embeddable":true,"href":"https:\/\/www.silcherschule-stuttgart.de\/index.php?rest_route=\/wp\/v2\/users\/1"}],"replies":[{"embeddable":true,"href":"https:\/\/www.silcherschule-stuttgart.de\/index.php?rest_route=%2Fwp%2Fv2%2Fcomments&post=13"}],"version-history":[{"count":132,"href":"https:\/\/www.silcherschule-stuttgart.de\/index.php?rest_route=\/wp\/v2\/pages\/13\/revisions"}],"predecessor-version":[{"id":2664,"href":"https:\/\/www.silcherschule-stuttgart.de\/index.php?rest_route=\/wp\/v2\/pages\/13\/revisions\/2664"}],"wp:attachment":[{"href":"https:\/\/www.silcherschule-stuttgart.de\/index.php?rest_route=%2Fwp%2Fv2%2Fmedia&parent=13"}],"curies":[{"name":"wp","href":"https:\/\/api.w.org\/{rel}","templated":true}]}}