{"id":11,"date":"2022-03-30T12:18:28","date_gmt":"2022-03-30T10:18:28","guid":{"rendered":"https:\/\/www.silcherschule-stuttgart.de\/?page_id=11"},"modified":"2026-03-11T16:40:35","modified_gmt":"2026-03-11T15:40:35","slug":"unsere-schule","status":"publish","type":"page","link":"https:\/\/www.silcherschule-stuttgart.de\/?page_id=11","title":{"rendered":"Unsere Schule"},"content":{"rendered":"<h2>Wissenswertes in K\u00fcrze<\/h2>\n<h2>\u00dcber uns<\/h2>\n<ul>\n<li><strong>Unsere Schule<\/strong> besuchen ca. 400 Sch\u00fclerinnen und Sch\u00fcler. Sie kommen aus Zuffenhausen, Rot und der n\u00e4heren Umgebung- und zugleich aus vielen L\u00e4ndern dieser Erde. Gemeinsam lernen und leben sie miteinander in der Silcherschule. Hier werden wesentliche Integrationsleistungen f\u00fcr unsere Gesellschaft erbracht.<\/li>\n<li><strong>Die Silcherschule<\/strong> nimmt ihren Erziehungs- und Bildungsauftrag ernst: Sie pflegt vertrauensvolle und kontinuierliche Partnerschaft mit den weiterf\u00fchrenden Schulen, der Musikschule, der Stadtteilb\u00fccherei, dem Fehling-Lab und den Sportvereinen.<\/li>\n<li><strong>25 Lehrkr\u00e4fte<\/strong> unterrichten an 17 Klassen, darunter die Grundschulf\u00f6rderklasse.\u00a0<\/li>\n<li>Seit Schuljahr 2010\/2011 ist bei uns die teilgebundene Ganztagsschule eingef\u00fchrt worden. Die Eltern k\u00f6nnen sich bei der Einschulung zwischen der <strong>Halbtagesschule<\/strong> und der <strong>Ganztagesschule<\/strong> entscheiden.<\/li>\n<\/ul>\n<p><em><u>Aktueller Stand im Schuljahr 2025\/2026: <br \/><\/u><\/em>Wir unterrichten insgesamt 17 Klassen. Davon sind 7 Klassen im Ganztagesbetrieb, 6 Klassen sind Miteinanderklassen (Halbtag und Ganztag) und 3 Klassen sind Halbtagesklassen, eine Klasse ist die Grundschulf\u00f6rderklasse.<\/p>\n<ul>\n<li><strong>F\u00fcr den Sportunterricht<\/strong> stehen die Talwiesenhalle und die Silcherhalle, die beide neu saniert sind, zur Verf\u00fcgung.\u00a0<\/li>\n<li><strong>Unsere Sch\u00fcler<\/strong> lernen in einer freundlichen, hellen und gro\u00dfz\u00fcgigen Schule. F\u00fcnf Einzelgeb\u00e4ude stehen in einem park\u00e4hnlichen, h\u00fcgeligen Gel\u00e4nde. <br \/>Im Jahr 1959 wurde unsere Schule mit dem Bonatz-Preis (Architektur-Preis) ausgezeichnet.<\/li>\n<li>Seit April 2010 verf\u00fcgt die Schule \u00fcber einen Interimsbau<strong><u>,<\/u><\/strong> sowie einen Erweiterungsbau mit gro\u00dfer Mensa und gro\u00dfz\u00fcgig ausgestattetem Werkraum.<\/li>\n<li>Im Januar 2017 konnten wir das sanierte Hauptgeb\u00e4ude &#8222;Bau 4&#8220; wieder beziehen. Dort befinden sich neben der Verwaltung, dem Lehrerzimmer und den Klassenzimmern auch unser Entdeckerraum, unser Musiksaal, unser neu ausgestatteter PC-Raum und unsere einladende B\u00fccherei.<\/li>\n<\/ul>\n<figure><img decoding=\"async\" src=\"https:\/\/www.silcherschule-stuttgart.de\/wp-content\/uploads\/2022\/03\/bau_4.jpg\" alt=\"bau_4\" \/><\/figure>\n<figure><img decoding=\"async\" src=\"https:\/\/www.silcherschule-stuttgart.de\/wp-content\/uploads\/2022\/03\/kirschbaum.jpg\" alt=\"Kirschbaum\" \/><\/figure>\n<figure><img decoding=\"async\" src=\"https:\/\/www.silcherschule-stuttgart.de\/wp-content\/uploads\/2022\/03\/gelaende_2.jpg\" alt=\"Gro\u00dfe Wiese\" \/><\/figure>\n<figure><img decoding=\"async\" src=\"https:\/\/www.silcherschule-stuttgart.de\/wp-content\/uploads\/2022\/03\/waldweg.jpg\" alt=\"&quot;Der verbotene Wald&quot;\" \/><\/figure>\n<figure><img decoding=\"async\" src=\"https:\/\/www.silcherschule-stuttgart.de\/wp-content\/uploads\/2022\/03\/Fusspfad-1.jpg\" alt=\"Der Fu\u00dfpfad\" \/><\/figure>\n<figure><img decoding=\"async\" src=\"https:\/\/www.silcherschule-stuttgart.de\/wp-content\/uploads\/2022\/03\/sportplatz.jpg\" alt=\"Tartanbahn\" \/><\/figure>\n<figure><img decoding=\"async\" src=\"https:\/\/www.silcherschule-stuttgart.de\/wp-content\/uploads\/2022\/03\/kraeuterspirale_08-1.jpg\" alt=\"Die Kr\u00e4uterspirale\" \/><\/figure>\n<figure><img decoding=\"async\" src=\"https:\/\/www.silcherschule-stuttgart.de\/wp-content\/uploads\/2022\/04\/DSC_0041-199x300.jpg\" alt=\"DSC_0041\" \/><\/figure>\n<figure><img decoding=\"async\" src=\"https:\/\/www.silcherschule-stuttgart.de\/wp-content\/uploads\/2022\/04\/DSC_0044-300x199.jpg\" alt=\"DSC_0044\" \/><\/figure>\n<figure><img decoding=\"async\" src=\"https:\/\/www.silcherschule-stuttgart.de\/wp-content\/uploads\/2022\/04\/DSC_0043-300x199.jpg\" alt=\"DSC_0043\" \/><\/figure>\n<figure><img decoding=\"async\" src=\"https:\/\/www.silcherschule-stuttgart.de\/wp-content\/uploads\/2022\/04\/DSC_0035-199x300.jpg\" alt=\"DSC_0035\" \/><\/figure>\n<figure><img decoding=\"async\" src=\"https:\/\/www.silcherschule-stuttgart.de\/wp-content\/uploads\/2022\/04\/DSC_0034-300x199.jpg\" alt=\"DSC_0034\" \/><\/figure>\n<figure><img decoding=\"async\" src=\"https:\/\/www.silcherschule-stuttgart.de\/wp-content\/uploads\/2022\/04\/DSC_0030-300x199.jpg\" alt=\"DSC_0030\" \/><\/figure>\n<figure><img decoding=\"async\" src=\"https:\/\/www.silcherschule-stuttgart.de\/wp-content\/uploads\/2022\/03\/Atrium3-300x225.jpg\" alt=\"\" \/><\/figure>\n<figure><img decoding=\"async\" src=\"https:\/\/www.silcherschule-stuttgart.de\/wp-content\/uploads\/2022\/04\/DSC_0045-300x211.jpg\" alt=\"DSC_0045\" \/><\/figure>\n<figure><img decoding=\"async\" src=\"https:\/\/www.silcherschule-stuttgart.de\/wp-content\/uploads\/2022\/04\/DSC_0017-300x199.jpg\" alt=\"DSC_0017\" \/><\/figure>\n<figure><img decoding=\"async\" src=\"https:\/\/www.silcherschule-stuttgart.de\/wp-content\/uploads\/2022\/04\/DSC_0026-300x199.jpg\" alt=\"DSC_0026\" \/><\/figure>\n<figure><img decoding=\"async\" src=\"https:\/\/www.silcherschule-stuttgart.de\/wp-content\/uploads\/2022\/03\/bau_3.jpg\" alt=\"Bau 3\" \/><figcaption>Bau 3<\/figcaption><\/figure>\n<figure><img decoding=\"async\" src=\"https:\/\/www.silcherschule-stuttgart.de\/wp-content\/uploads\/2022\/04\/DSC_0021-300x199.jpg\" alt=\"Bau 5 vorne\" \/><figcaption>Bau 5 vorne<\/figcaption><\/figure>\n<figure><img decoding=\"async\" src=\"https:\/\/www.silcherschule-stuttgart.de\/wp-content\/uploads\/2022\/03\/bau_5.jpg\" alt=\"Bau 5 hinten\" \/><figcaption>Bau 5 hinten<\/figcaption><\/figure>\n<figure><img decoding=\"async\" src=\"https:\/\/www.silcherschule-stuttgart.de\/wp-content\/uploads\/2022\/04\/DSC_0022-300x199.jpg\" alt=\"Bau 4 vorne\" \/><figcaption>Bau 4 vorne<\/figcaption><\/figure>\n<figure><img decoding=\"async\" src=\"https:\/\/www.silcherschule-stuttgart.de\/wp-content\/uploads\/2022\/04\/DSC_0038-300x199.jpg\" alt=\"DSC_0038\" \/><\/figure>\n<figure><img decoding=\"async\" src=\"https:\/\/www.silcherschule-stuttgart.de\/wp-content\/uploads\/2022\/04\/DSC_0046-300x199.jpg\" alt=\"DSC_0046\" \/><\/figure>\n<figure><img decoding=\"async\" src=\"https:\/\/www.silcherschule-stuttgart.de\/wp-content\/uploads\/2022\/04\/DSC_0033-300x199.jpg\" alt=\"DSC_0033\" \/><\/figure>\n<figure><img decoding=\"async\" src=\"https:\/\/www.silcherschule-stuttgart.de\/wp-content\/uploads\/2022\/04\/DSC_0028-300x199.jpg\" alt=\"Bau 2\" \/><figcaption>Bau 2<\/figcaption><\/figure>\n<figure><img decoding=\"async\" src=\"https:\/\/www.silcherschule-stuttgart.de\/wp-content\/uploads\/2022\/03\/pausenhof1-1.jpg\" alt=\"\" \/><\/figure>\n<figure><img decoding=\"async\" src=\"https:\/\/www.silcherschule-stuttgart.de\/wp-content\/uploads\/2022\/04\/Sitzbaenke-Garten-2-300x199.jpg\" alt=\"Sitzb\u00e4nke Garten 2\" \/><\/figure>\n<figure><img decoding=\"async\" src=\"https:\/\/www.silcherschule-stuttgart.de\/wp-content\/uploads\/2022\/04\/Hochbeet-300x199.jpg\" alt=\"Hochbeet\" \/><\/figure>\n<figure><img decoding=\"async\" src=\"https:\/\/www.silcherschule-stuttgart.de\/wp-content\/uploads\/2022\/04\/Silcherschule-1-266x300.jpg\" alt=\"Silcherschule\" \/><\/figure>\n<figure><img decoding=\"async\" src=\"https:\/\/www.silcherschule-stuttgart.de\/wp-content\/uploads\/2022\/04\/Mensa2-300x199.jpg\" alt=\"Mensa2\" \/><\/figure>\n<figure><img decoding=\"async\" src=\"https:\/\/www.silcherschule-stuttgart.de\/wp-content\/uploads\/2022\/04\/Mensa-300x216.jpg\" alt=\"Mensa\" \/><\/figure>\n<figure><img decoding=\"async\" src=\"https:\/\/www.silcherschule-stuttgart.de\/wp-content\/uploads\/2022\/04\/DSC_0049-228x300.jpg\" alt=\"DSC_0049\" \/><\/figure>\n","protected":false},"excerpt":{"rendered":"<p>Wissenswertes in K\u00fcrze \u00dcber uns Unsere Schule besuchen ca. 400 Sch\u00fclerinnen und Sch\u00fcler. Sie kommen aus Zuffenhausen, Rot und der n\u00e4heren Umgebung- und zugleich aus vielen L\u00e4ndern dieser Erde. Gemeinsam lernen und leben sie miteinander in der Silcherschule. Hier werden wesentliche Integrationsleistungen f\u00fcr unsere Gesellschaft erbracht. Die Silcherschule nimmt ihren Erziehungs- und Bildungsauftrag ernst: Sie [&hellip;]<\/p>\n","protected":false},"author":1,"featured_media":0,"parent":0,"menu_order":2,"comment_status":"closed","ping_status":"closed","template":"","meta":{"ocean_post_layout":"","ocean_both_sidebars_style":"","ocean_both_sidebars_content_width":0,"ocean_both_sidebars_sidebars_width":0,"ocean_sidebar":"0","ocean_second_sidebar":"0","ocean_disable_margins":"enable","ocean_add_body_class":"","ocean_shortcode_before_top_bar":"","ocean_shortcode_after_top_bar":"","ocean_shortcode_before_header":"","ocean_shortcode_after_header":"","ocean_has_shortcode":"","ocean_shortcode_after_title":"","ocean_shortcode_before_footer_widgets":"","ocean_shortcode_after_footer_widgets":"","ocean_shortcode_before_footer_bottom":"","ocean_shortcode_after_footer_bottom":"","ocean_display_top_bar":"default","ocean_display_header":"default","ocean_header_style":"","ocean_center_header_left_menu":"0","ocean_custom_header_template":"0","ocean_custom_logo":0,"ocean_custom_retina_logo":0,"ocean_custom_logo_max_width":0,"ocean_custom_logo_tablet_max_width":0,"ocean_custom_logo_mobile_max_width":0,"ocean_custom_logo_max_height":0,"ocean_custom_logo_tablet_max_height":0,"ocean_custom_logo_mobile_max_height":0,"ocean_header_custom_menu":"0","ocean_menu_typo_font_family":"0","ocean_menu_typo_font_subset":"","ocean_menu_typo_font_size":0,"ocean_menu_typo_font_size_tablet":0,"ocean_menu_typo_font_size_mobile":0,"ocean_menu_typo_font_size_unit":"px","ocean_menu_typo_font_weight":"","ocean_menu_typo_font_weight_tablet":"","ocean_menu_typo_font_weight_mobile":"","ocean_menu_typo_transform":"","ocean_menu_typo_transform_tablet":"","ocean_menu_typo_transform_mobile":"","ocean_menu_typo_line_height":0,"ocean_menu_typo_line_height_tablet":0,"ocean_menu_typo_line_height_mobile":0,"ocean_menu_typo_line_height_unit":"","ocean_menu_typo_spacing":0,"ocean_menu_typo_spacing_tablet":0,"ocean_menu_typo_spacing_mobile":0,"ocean_menu_typo_spacing_unit":"","ocean_menu_link_color":"","ocean_menu_link_color_hover":"","ocean_menu_link_color_active":"","ocean_menu_link_background":"","ocean_menu_link_hover_background":"","ocean_menu_link_active_background":"","ocean_menu_social_links_bg":"","ocean_menu_social_hover_links_bg":"","ocean_menu_social_links_color":"","ocean_menu_social_hover_links_color":"","ocean_disable_title":"default","ocean_disable_heading":"default","ocean_post_title":"","ocean_post_subheading":"","ocean_post_title_style":"","ocean_post_title_background_color":"","ocean_post_title_background":0,"ocean_post_title_bg_image_position":"","ocean_post_title_bg_image_attachment":"","ocean_post_title_bg_image_repeat":"","ocean_post_title_bg_image_size":"","ocean_post_title_height":0,"ocean_post_title_bg_overlay":0.5,"ocean_post_title_bg_overlay_color":"","ocean_disable_breadcrumbs":"default","ocean_breadcrumbs_color":"","ocean_breadcrumbs_separator_color":"","ocean_breadcrumbs_links_color":"","ocean_breadcrumbs_links_hover_color":"","ocean_display_footer_widgets":"default","ocean_display_footer_bottom":"default","ocean_custom_footer_template":"0","footnotes":""},"class_list":["post-11","page","type-page","status-publish","hentry","entry"],"_links":{"self":[{"href":"https:\/\/www.silcherschule-stuttgart.de\/index.php?rest_route=\/wp\/v2\/pages\/11","targetHints":{"allow":["GET"]}}],"collection":[{"href":"https:\/\/www.silcherschule-stuttgart.de\/index.php?rest_route=\/wp\/v2\/pages"}],"about":[{"href":"https:\/\/www.silcherschule-stuttgart.de\/index.php?rest_route=\/wp\/v2\/types\/page"}],"author":[{"embeddable":true,"href":"https:\/\/www.silcherschule-stuttgart.de\/index.php?rest_route=\/wp\/v2\/users\/1"}],"replies":[{"embeddable":true,"href":"https:\/\/www.silcherschule-stuttgart.de\/index.php?rest_route=%2Fwp%2Fv2%2Fcomments&post=11"}],"version-history":[{"count":91,"href":"https:\/\/www.silcherschule-stuttgart.de\/index.php?rest_route=\/wp\/v2\/pages\/11\/revisions"}],"predecessor-version":[{"id":2674,"href":"https:\/\/www.silcherschule-stuttgart.de\/index.php?rest_route=\/wp\/v2\/pages\/11\/revisions\/2674"}],"wp:attachment":[{"href":"https:\/\/www.silcherschule-stuttgart.de\/index.php?rest_route=%2Fwp%2Fv2%2Fmedia&parent=11"}],"curies":[{"name":"wp","href":"https:\/\/api.w.org\/{rel}","templated":true}]}}