{"id":108,"date":"2022-03-30T18:45:01","date_gmt":"2022-03-30T16:45:01","guid":{"rendered":"https:\/\/www.silcherschule-stuttgart.de\/?page_id=108"},"modified":"2022-11-21T17:58:51","modified_gmt":"2022-11-21T16:58:51","slug":"unser-schulgelaende","status":"publish","type":"page","link":"https:\/\/www.silcherschule-stuttgart.de\/?page_id=108","title":{"rendered":"Unser Schulgel\u00e4nde"},"content":{"rendered":"<style>\/*! elementor - v3.8.1 - 13-11-2022 *\/\n.elementor-heading-title{padding:0;margin:0;line-height:1}.elementor-widget-heading .elementor-heading-title[class*=elementor-size-]>a{color:inherit;font-size:inherit;line-height:inherit}.elementor-widget-heading .elementor-heading-title.elementor-size-small{font-size:15px}.elementor-widget-heading .elementor-heading-title.elementor-size-medium{font-size:19px}.elementor-widget-heading .elementor-heading-title.elementor-size-large{font-size:29px}.elementor-widget-heading .elementor-heading-title.elementor-size-xl{font-size:39px}.elementor-widget-heading .elementor-heading-title.elementor-size-xxl{font-size:59px}<\/style>\n<h2>Rundgang<\/h2>\n<style>\/*! elementor - v3.8.1 - 13-11-2022 *\/\n.elementor-column .elementor-spacer-inner{height:var(--spacer-size)}.e-con{--container-widget-width:100%}.e-con-inner>.elementor-widget-spacer,.e-con>.elementor-widget-spacer{width:var(--container-widget-width,var(--spacer-size));-ms-flex-item-align:stretch;align-self:stretch;-ms-flex-negative:0;flex-shrink:0}.e-con-inner>.elementor-widget-spacer>.elementor-widget-container,.e-con-inner>.elementor-widget-spacer>.elementor-widget-container>.elementor-spacer,.e-con>.elementor-widget-spacer>.elementor-widget-container,.e-con>.elementor-widget-spacer>.elementor-widget-container>.elementor-spacer{height:100%}.e-con-inner>.elementor-widget-spacer>.elementor-widget-container>.elementor-spacer>.elementor-spacer-inner,.e-con>.elementor-widget-spacer>.elementor-widget-container>.elementor-spacer>.elementor-spacer-inner{height:var(--container-widget-height,var(--spacer-size))}<\/style>\n<p>\t\t\t<a href=\"https:\/\/www.silcherschule-stuttgart.de\/?page_id=21\" role=\"button\"><br \/>\n\t\t\t\t\t\tPausenhof<br \/>\n\t\t\t\t\t<\/a><br \/>\n\t\t\t<a href=\"https:\/\/www.silcherschule-stuttgart.de\/?page_id=99\" role=\"button\"><br \/>\n\t\t\t\t\t\tSchulgeb\u00e4ude<br \/>\n\t\t\t\t\t<\/a><br \/>\n\t\t\t<a href=\"https:\/\/www.silcherschule-stuttgart.de\/?page_id=108\" role=\"button\"><br \/>\n\t\t\t\t\t\tSchulgel\u00e4nde<br \/>\n\t\t\t\t\t<\/a><br \/>\n\t\t\t<a href=\"https:\/\/www.silcherschule-stuttgart.de\/?page_id=124\" role=\"button\"><br \/>\n\t\t\t\t\t\tSportanlagen<br \/>\n\t\t\t\t\t<\/a><br \/>\n\t\t\t<a href=\"https:\/\/www.silcherschule-stuttgart.de\/?page_id=130\" role=\"button\"><br \/>\n\t\t\t\t\t\tSchulb\u00fccherei<br \/>\n\t\t\t\t\t<\/a><br \/>\n\t\t\t<a href=\"https:\/\/www.silcherschule-stuttgart.de\/?page_id=154\" role=\"button\"><br \/>\n\t\t\t\t\t\tMensa und Werkraum<br \/>\n\t\t\t\t\t<\/a><\/p>\n<p>Eine gr\u00fcne Insel im Stadtteil Rot. Natur macht neugierig. Hier bl\u00fchen Wiesenblumen, hier leben Wiesentiere.<br \/>Unser Schulgel\u00e4nde bietet unseren Kindern Raum f\u00fcr eine direkte Naturerfahrung. So kommt die Natur ins Klassenzimmer.<\/p>\n<style>\/*! elementor - v3.8.1 - 13-11-2022 *\/\n.elementor-image-gallery .gallery-item{display:inline-block;text-align:center;vertical-align:top;width:100%;max-width:100%;margin:0 auto}.elementor-image-gallery .gallery-item img{margin:0 auto}.elementor-image-gallery .gallery-item .gallery-caption{margin:0}.elementor-image-gallery figure img{display:block}.elementor-image-gallery figure figcaption{width:100%}.gallery-spacing-custom .elementor-image-gallery .gallery-icon{padding:0}@media (min-width:768px){.elementor-image-gallery .gallery-columns-2 .gallery-item{max-width:50%}.elementor-image-gallery .gallery-columns-3 .gallery-item{max-width:33.33%}.elementor-image-gallery .gallery-columns-4 .gallery-item{max-width:25%}.elementor-image-gallery .gallery-columns-5 .gallery-item{max-width:20%}.elementor-image-gallery .gallery-columns-6 .gallery-item{max-width:16.666%}.elementor-image-gallery .gallery-columns-7 .gallery-item{max-width:14.28%}.elementor-image-gallery .gallery-columns-8 .gallery-item{max-width:12.5%}.elementor-image-gallery .gallery-columns-9 .gallery-item{max-width:11.11%}.elementor-image-gallery .gallery-columns-10 .gallery-item{max-width:10%}}@media (min-width:480px) and (max-width:767px){.elementor-image-gallery .gallery.gallery-columns-2 .gallery-item,.elementor-image-gallery .gallery.gallery-columns-3 .gallery-item,.elementor-image-gallery .gallery.gallery-columns-4 .gallery-item,.elementor-image-gallery .gallery.gallery-columns-5 .gallery-item,.elementor-image-gallery .gallery.gallery-columns-6 .gallery-item,.elementor-image-gallery .gallery.gallery-columns-7 .gallery-item,.elementor-image-gallery .gallery.gallery-columns-8 .gallery-item,.elementor-image-gallery .gallery.gallery-columns-9 .gallery-item,.elementor-image-gallery .gallery.gallery-columns-10 .gallery-item{max-width:50%}}@media (max-width:479px){.elementor-image-gallery .gallery.gallery-columns-2 .gallery-item,.elementor-image-gallery .gallery.gallery-columns-3 .gallery-item,.elementor-image-gallery .gallery.gallery-columns-4 .gallery-item,.elementor-image-gallery .gallery.gallery-columns-5 .gallery-item,.elementor-image-gallery .gallery.gallery-columns-6 .gallery-item,.elementor-image-gallery .gallery.gallery-columns-7 .gallery-item,.elementor-image-gallery .gallery.gallery-columns-8 .gallery-item,.elementor-image-gallery .gallery.gallery-columns-9 .gallery-item,.elementor-image-gallery .gallery.gallery-columns-10 .gallery-item{max-width:100%}}<\/style>\n<figure class='gallery-item'>\n\t\t\t\t<a data-elementor-open-lightbox=\"yes\" data-elementor-lightbox-slideshow=\"6cb2fc9e\" data-elementor-lightbox-title=\"Kirschbaum\" e-action-hash=\"#elementor-action%3Aaction%3Dlightbox%26settings%3DeyJpZCI6MTA5LCJ1cmwiOiJodHRwczpcL1wvd3d3LnNpbGNoZXIucy5zY2h1bGUtYncuZGVcL3dwLWNvbnRlbnRcL3VwbG9hZHNcLzIwMjJcLzAzXC9raXJzY2hiYXVtLmpwZyIsInNsaWRlc2hvdyI6IjZjYjJmYzllIn0%3D\" href='https:\/\/www.silcherschule-stuttgart.de\/wp-content\/uploads\/2022\/03\/kirschbaum.jpg'><img decoding=\"async\" width=\"225\" height=\"300\" src=\"https:\/\/www.silcherschule-stuttgart.de\/wp-content\/uploads\/2022\/03\/kirschbaum.jpg\" alt=\"\" loading=\"lazy\" \/><\/a><br \/>\n\t\t\t<\/figure>\n<figure class='gallery-item'>\n\t\t\t\t<a data-elementor-open-lightbox=\"yes\" data-elementor-lightbox-slideshow=\"6cb2fc9e\" data-elementor-lightbox-title=\"Gro\u00dfe Wiese\" e-action-hash=\"#elementor-action%3Aaction%3Dlightbox%26settings%3DeyJpZCI6MTEwLCJ1cmwiOiJodHRwczpcL1wvd3d3LnNpbGNoZXIucy5zY2h1bGUtYncuZGVcL3dwLWNvbnRlbnRcL3VwbG9hZHNcLzIwMjJcLzAzXC9nZWxhZW5kZV8yLmpwZyIsInNsaWRlc2hvdyI6IjZjYjJmYzllIn0%3D\" href='https:\/\/www.silcherschule-stuttgart.de\/wp-content\/uploads\/2022\/03\/gelaende_2.jpg'><img decoding=\"async\" width=\"300\" height=\"225\" src=\"https:\/\/www.silcherschule-stuttgart.de\/wp-content\/uploads\/2022\/03\/gelaende_2.jpg\" alt=\"\" loading=\"lazy\" \/><\/a><br \/>\n\t\t\t<\/figure>\n<figure class='gallery-item'>\n\t\t\t\t<a data-elementor-open-lightbox=\"yes\" data-elementor-lightbox-slideshow=\"6cb2fc9e\" data-elementor-lightbox-title=\"&quot;Der verbotene Wald&quot;\" e-action-hash=\"#elementor-action%3Aaction%3Dlightbox%26settings%3DeyJpZCI6MTExLCJ1cmwiOiJodHRwczpcL1wvd3d3LnNpbGNoZXIucy5zY2h1bGUtYncuZGVcL3dwLWNvbnRlbnRcL3VwbG9hZHNcLzIwMjJcLzAzXC93YWxkd2VnLmpwZyIsInNsaWRlc2hvdyI6IjZjYjJmYzllIn0%3D\" href='https:\/\/www.silcherschule-stuttgart.de\/wp-content\/uploads\/2022\/03\/waldweg.jpg'><img decoding=\"async\" width=\"225\" height=\"300\" src=\"https:\/\/www.silcherschule-stuttgart.de\/wp-content\/uploads\/2022\/03\/waldweg.jpg\" alt=\"\" loading=\"lazy\" \/><\/a><br \/>\n\t\t\t<\/figure>\n<p>Ein Fu\u00dfpfad, sowie ein Hochbeet und unsere Kr\u00e4uterspirale:<\/p>\n<figure class='gallery-item'>\n\t\t\t\t<a data-elementor-open-lightbox=\"yes\" data-elementor-lightbox-slideshow=\"669252a3\" data-elementor-lightbox-title=\"Der Fu\u00dfpfad\" e-action-hash=\"#elementor-action%3Aaction%3Dlightbox%26settings%3DeyJpZCI6MTE1LCJ1cmwiOiJodHRwczpcL1wvd3d3LnNpbGNoZXIucy5zY2h1bGUtYncuZGVcL3dwLWNvbnRlbnRcL3VwbG9hZHNcLzIwMjJcLzAzXC9GdXNzcGZhZC0xLmpwZyIsInNsaWRlc2hvdyI6IjY2OTI1MmEzIn0%3D\" href='https:\/\/www.silcherschule-stuttgart.de\/wp-content\/uploads\/2022\/03\/Fusspfad-1.jpg'><img decoding=\"async\" width=\"300\" height=\"225\" src=\"https:\/\/www.silcherschule-stuttgart.de\/wp-content\/uploads\/2022\/03\/Fusspfad-1.jpg\" alt=\"\" loading=\"lazy\" \/><\/a><br \/>\n\t\t\t<\/figure>\n<figure class='gallery-item'>\n\t\t\t\t<a data-elementor-open-lightbox=\"yes\" data-elementor-lightbox-slideshow=\"669252a3\" data-elementor-lightbox-title=\"Hochbeet\" e-action-hash=\"#elementor-action%3Aaction%3Dlightbox%26settings%3DeyJpZCI6MTUwNiwidXJsIjoiaHR0cHM6XC9cL3d3dy5zaWxjaGVyLnMuc2NodWxlLWJ3LmRlXC93cC1jb250ZW50XC91cGxvYWRzXC8yMDIyXC8wNFwvSG9jaGJlZXQtc2NhbGVkLmpwZyIsInNsaWRlc2hvdyI6IjY2OTI1MmEzIn0%3D\" href='https:\/\/www.silcherschule-stuttgart.de\/wp-content\/uploads\/2022\/04\/Hochbeet-scaled.jpg'><img decoding=\"async\" width=\"300\" height=\"199\" src=\"https:\/\/www.silcherschule-stuttgart.de\/wp-content\/uploads\/2022\/04\/Hochbeet-300x199.jpg\" alt=\"\" loading=\"lazy\" srcset=\"https:\/\/www.silcherschule-stuttgart.de\/wp-content\/uploads\/2022\/04\/Hochbeet-300x199.jpg 300w, https:\/\/www.silcherschule-stuttgart.de\/wp-content\/uploads\/2022\/04\/Hochbeet-1024x678.jpg 1024w, https:\/\/www.silcherschule-stuttgart.de\/wp-content\/uploads\/2022\/04\/Hochbeet-768x509.jpg 768w, https:\/\/www.silcherschule-stuttgart.de\/wp-content\/uploads\/2022\/04\/Hochbeet-1536x1017.jpg 1536w, https:\/\/www.silcherschule-stuttgart.de\/wp-content\/uploads\/2022\/04\/Hochbeet-2048x1356.jpg 2048w\" sizes=\"auto, (max-width: 300px) 100vw, 300px\" \/><\/a><br \/>\n\t\t\t<\/figure>\n<figure class='gallery-item'>\n\t\t\t\t<a data-elementor-open-lightbox=\"yes\" data-elementor-lightbox-slideshow=\"669252a3\" data-elementor-lightbox-title=\"Die Kr\u00e4uterspirale\" e-action-hash=\"#elementor-action%3Aaction%3Dlightbox%26settings%3DeyJpZCI6MTE2LCJ1cmwiOiJodHRwczpcL1wvd3d3LnNpbGNoZXIucy5zY2h1bGUtYncuZGVcL3dwLWNvbnRlbnRcL3VwbG9hZHNcLzIwMjJcLzAzXC9rcmFldXRlcnNwaXJhbGVfMDgtMS5qcGciLCJzbGlkZXNob3ciOiI2NjkyNTJhMyJ9\" href='https:\/\/www.silcherschule-stuttgart.de\/wp-content\/uploads\/2022\/03\/kraeuterspirale_08-1.jpg'><img decoding=\"async\" width=\"300\" height=\"225\" src=\"https:\/\/www.silcherschule-stuttgart.de\/wp-content\/uploads\/2022\/03\/kraeuterspirale_08-1.jpg\" alt=\"\" loading=\"lazy\" \/><\/a><br \/>\n\t\t\t<\/figure>\n<p>Im Garten befindet sich nicht nur ein Gartenhaus, sondern seit 2008 auch ein eigenes Backhaus mit Sitzecke:<\/p>\n<figure class='gallery-item'>\n\t\t\t\t<a data-elementor-open-lightbox=\"yes\" data-elementor-lightbox-slideshow=\"b75e3cf\" data-elementor-lightbox-title=\"Das Gartenhaus\" e-action-hash=\"#elementor-action%3Aaction%3Dlightbox%26settings%3DeyJpZCI6MTE4LCJ1cmwiOiJodHRwczpcL1wvd3d3LnNpbGNoZXIucy5zY2h1bGUtYncuZGVcL3dwLWNvbnRlbnRcL3VwbG9hZHNcLzIwMjJcLzAzXC9HYXJ0ZW5oYXVzLTEuanBnIiwic2xpZGVzaG93IjoiYjc1ZTNjZiJ9\" href='https:\/\/www.silcherschule-stuttgart.de\/wp-content\/uploads\/2022\/03\/Gartenhaus-1.jpg'><img decoding=\"async\" width=\"300\" height=\"225\" src=\"https:\/\/www.silcherschule-stuttgart.de\/wp-content\/uploads\/2022\/03\/Gartenhaus-1.jpg\" alt=\"\" loading=\"lazy\" \/><\/a><br \/>\n\t\t\t<\/figure>\n<figure class='gallery-item'>\n\t\t\t\t<a data-elementor-open-lightbox=\"yes\" data-elementor-lightbox-slideshow=\"b75e3cf\" data-elementor-lightbox-title=\"Sitzb\u00e4nke Garten 2\" e-action-hash=\"#elementor-action%3Aaction%3Dlightbox%26settings%3DeyJpZCI6MTUwNywidXJsIjoiaHR0cHM6XC9cL3d3dy5zaWxjaGVyLnMuc2NodWxlLWJ3LmRlXC93cC1jb250ZW50XC91cGxvYWRzXC8yMDIyXC8wNFwvU2l0emJhZW5rZS1HYXJ0ZW4tMi1zY2FsZWQuanBnIiwic2xpZGVzaG93IjoiYjc1ZTNjZiJ9\" href='https:\/\/www.silcherschule-stuttgart.de\/wp-content\/uploads\/2022\/04\/Sitzbaenke-Garten-2-scaled.jpg'><img decoding=\"async\" width=\"300\" height=\"199\" src=\"https:\/\/www.silcherschule-stuttgart.de\/wp-content\/uploads\/2022\/04\/Sitzbaenke-Garten-2-300x199.jpg\" alt=\"\" loading=\"lazy\" srcset=\"https:\/\/www.silcherschule-stuttgart.de\/wp-content\/uploads\/2022\/04\/Sitzbaenke-Garten-2-300x199.jpg 300w, https:\/\/www.silcherschule-stuttgart.de\/wp-content\/uploads\/2022\/04\/Sitzbaenke-Garten-2-1024x678.jpg 1024w, https:\/\/www.silcherschule-stuttgart.de\/wp-content\/uploads\/2022\/04\/Sitzbaenke-Garten-2-768x509.jpg 768w, https:\/\/www.silcherschule-stuttgart.de\/wp-content\/uploads\/2022\/04\/Sitzbaenke-Garten-2-1536x1017.jpg 1536w, https:\/\/www.silcherschule-stuttgart.de\/wp-content\/uploads\/2022\/04\/Sitzbaenke-Garten-2-2048x1356.jpg 2048w\" sizes=\"auto, (max-width: 300px) 100vw, 300px\" \/><\/a><br \/>\n\t\t\t<\/figure>\n<figure class='gallery-item'>\n\t\t\t\t<a data-elementor-open-lightbox=\"yes\" data-elementor-lightbox-slideshow=\"b75e3cf\" data-elementor-lightbox-title=\"Das Backhaus\" e-action-hash=\"#elementor-action%3Aaction%3Dlightbox%26settings%3DeyJpZCI6MTE3LCJ1cmwiOiJodHRwczpcL1wvd3d3LnNpbGNoZXIucy5zY2h1bGUtYncuZGVcL3dwLWNvbnRlbnRcL3VwbG9hZHNcLzIwMjJcLzAzXC9iYWNraGF1cy5qcGciLCJzbGlkZXNob3ciOiJiNzVlM2NmIn0%3D\" href='https:\/\/www.silcherschule-stuttgart.de\/wp-content\/uploads\/2022\/03\/backhaus.jpg'><img decoding=\"async\" width=\"300\" height=\"225\" src=\"https:\/\/www.silcherschule-stuttgart.de\/wp-content\/uploads\/2022\/03\/backhaus.jpg\" alt=\"\" loading=\"lazy\" \/><\/a><br \/>\n\t\t\t<\/figure>\n<p>Unser neu hergerichtetes Atrium, das die Eltern im Herbst 2017 mit gro\u00dfem Einsatz wiederhergestellt haben:<\/p>\n<figure class='gallery-item'>\n\t\t\t\t<a data-elementor-open-lightbox=\"yes\" data-elementor-lightbox-slideshow=\"2f13899\" e-action-hash=\"#elementor-action%3Aaction%3Dlightbox%26settings%3DeyJpZCI6MTE5LCJ1cmwiOiJodHRwczpcL1wvd3d3LnNpbGNoZXIucy5zY2h1bGUtYncuZGVcL3dwLWNvbnRlbnRcL3VwbG9hZHNcLzIwMjJcLzAzXC9BdHJpdW0yLmpwZyIsInNsaWRlc2hvdyI6IjJmMTM4OTkifQ%3D%3D\" href='https:\/\/www.silcherschule-stuttgart.de\/wp-content\/uploads\/2022\/03\/Atrium2.jpg'><img decoding=\"async\" width=\"225\" height=\"300\" src=\"https:\/\/www.silcherschule-stuttgart.de\/wp-content\/uploads\/2022\/03\/Atrium2-225x300.jpg\" alt=\"\" loading=\"lazy\" srcset=\"https:\/\/www.silcherschule-stuttgart.de\/wp-content\/uploads\/2022\/03\/Atrium2-225x300.jpg 225w, https:\/\/www.silcherschule-stuttgart.de\/wp-content\/uploads\/2022\/03\/Atrium2-768x1024.jpg 768w, https:\/\/www.silcherschule-stuttgart.de\/wp-content\/uploads\/2022\/03\/Atrium2-1152x1536.jpg 1152w, https:\/\/www.silcherschule-stuttgart.de\/wp-content\/uploads\/2022\/03\/Atrium2.jpg 1200w\" sizes=\"auto, (max-width: 225px) 100vw, 225px\" \/><\/a><br \/>\n\t\t\t<\/figure>\n<figure class='gallery-item'>\n\t\t\t\t<a data-elementor-open-lightbox=\"yes\" data-elementor-lightbox-slideshow=\"2f13899\" e-action-hash=\"#elementor-action%3Aaction%3Dlightbox%26settings%3DeyJpZCI6MTIwLCJ1cmwiOiJodHRwczpcL1wvd3d3LnNpbGNoZXIucy5zY2h1bGUtYncuZGVcL3dwLWNvbnRlbnRcL3VwbG9hZHNcLzIwMjJcLzAzXC9BdHJpdW0zLmpwZyIsInNsaWRlc2hvdyI6IjJmMTM4OTkifQ%3D%3D\" href='https:\/\/www.silcherschule-stuttgart.de\/wp-content\/uploads\/2022\/03\/Atrium3.jpg'><img decoding=\"async\" width=\"300\" height=\"225\" src=\"https:\/\/www.silcherschule-stuttgart.de\/wp-content\/uploads\/2022\/03\/Atrium3-300x225.jpg\" alt=\"\" loading=\"lazy\" srcset=\"https:\/\/www.silcherschule-stuttgart.de\/wp-content\/uploads\/2022\/03\/Atrium3-300x225.jpg 300w, https:\/\/www.silcherschule-stuttgart.de\/wp-content\/uploads\/2022\/03\/Atrium3-1024x768.jpg 1024w, https:\/\/www.silcherschule-stuttgart.de\/wp-content\/uploads\/2022\/03\/Atrium3-768x576.jpg 768w, https:\/\/www.silcherschule-stuttgart.de\/wp-content\/uploads\/2022\/03\/Atrium3-1536x1152.jpg 1536w, https:\/\/www.silcherschule-stuttgart.de\/wp-content\/uploads\/2022\/03\/Atrium3.jpg 1600w\" sizes=\"auto, (max-width: 300px) 100vw, 300px\" \/><\/a><br \/>\n\t\t\t<\/figure>\n<figure class='gallery-item'>\n\t\t\t\t<a data-elementor-open-lightbox=\"yes\" data-elementor-lightbox-slideshow=\"2f13899\" e-action-hash=\"#elementor-action%3Aaction%3Dlightbox%26settings%3DeyJpZCI6MTIxLCJ1cmwiOiJodHRwczpcL1wvd3d3LnNpbGNoZXIucy5zY2h1bGUtYncuZGVcL3dwLWNvbnRlbnRcL3VwbG9hZHNcLzIwMjJcLzAzXC9BdHJpdW0xLmpwZyIsInNsaWRlc2hvdyI6IjJmMTM4OTkifQ%3D%3D\" href='https:\/\/www.silcherschule-stuttgart.de\/wp-content\/uploads\/2022\/03\/Atrium1.jpg'><img decoding=\"async\" width=\"225\" height=\"300\" src=\"https:\/\/www.silcherschule-stuttgart.de\/wp-content\/uploads\/2022\/03\/Atrium1-225x300.jpg\" alt=\"\" loading=\"lazy\" srcset=\"https:\/\/www.silcherschule-stuttgart.de\/wp-content\/uploads\/2022\/03\/Atrium1-225x300.jpg 225w, https:\/\/www.silcherschule-stuttgart.de\/wp-content\/uploads\/2022\/03\/Atrium1-768x1024.jpg 768w, https:\/\/www.silcherschule-stuttgart.de\/wp-content\/uploads\/2022\/03\/Atrium1-1152x1536.jpg 1152w, https:\/\/www.silcherschule-stuttgart.de\/wp-content\/uploads\/2022\/03\/Atrium1.jpg 1200w\" sizes=\"auto, (max-width: 225px) 100vw, 225px\" \/><\/a><br \/>\n\t\t\t<\/figure>\n","protected":false},"excerpt":{"rendered":"<p>Rundgang Pausenhof Schulgeb\u00e4ude Schulgel\u00e4nde Sportanlagen Schulb\u00fccherei Mensa und Werkraum Eine gr\u00fcne Insel im Stadtteil Rot. Natur macht neugierig. Hier bl\u00fchen Wiesenblumen, hier leben Wiesentiere.Unser Schulgel\u00e4nde bietet unseren Kindern Raum f\u00fcr eine direkte Naturerfahrung. So kommt die Natur ins Klassenzimmer. Ein Fu\u00dfpfad, sowie ein Hochbeet und unsere Kr\u00e4uterspirale: Im Garten befindet sich nicht nur ein Gartenhaus, [&hellip;]<\/p>\n","protected":false},"author":1,"featured_media":0,"parent":21,"menu_order":2,"comment_status":"closed","ping_status":"closed","template":"","meta":{"ocean_post_layout":"","ocean_both_sidebars_style":"","ocean_both_sidebars_content_width":0,"ocean_both_sidebars_sidebars_width":0,"ocean_sidebar":"0","ocean_second_sidebar":"0","ocean_disable_margins":"enable","ocean_add_body_class":"","ocean_shortcode_before_top_bar":"","ocean_shortcode_after_top_bar":"","ocean_shortcode_before_header":"","ocean_shortcode_after_header":"","ocean_has_shortcode":"","ocean_shortcode_after_title":"","ocean_shortcode_before_footer_widgets":"","ocean_shortcode_after_footer_widgets":"","ocean_shortcode_before_footer_bottom":"","ocean_shortcode_after_footer_bottom":"","ocean_display_top_bar":"default","ocean_display_header":"default","ocean_header_style":"","ocean_center_header_left_menu":"0","ocean_custom_header_template":"0","ocean_custom_logo":0,"ocean_custom_retina_logo":0,"ocean_custom_logo_max_width":0,"ocean_custom_logo_tablet_max_width":0,"ocean_custom_logo_mobile_max_width":0,"ocean_custom_logo_max_height":0,"ocean_custom_logo_tablet_max_height":0,"ocean_custom_logo_mobile_max_height":0,"ocean_header_custom_menu":"0","ocean_menu_typo_font_family":"0","ocean_menu_typo_font_subset":"","ocean_menu_typo_font_size":0,"ocean_menu_typo_font_size_tablet":0,"ocean_menu_typo_font_size_mobile":0,"ocean_menu_typo_font_size_unit":"px","ocean_menu_typo_font_weight":"","ocean_menu_typo_font_weight_tablet":"","ocean_menu_typo_font_weight_mobile":"","ocean_menu_typo_transform":"","ocean_menu_typo_transform_tablet":"","ocean_menu_typo_transform_mobile":"","ocean_menu_typo_line_height":0,"ocean_menu_typo_line_height_tablet":0,"ocean_menu_typo_line_height_mobile":0,"ocean_menu_typo_line_height_unit":"","ocean_menu_typo_spacing":0,"ocean_menu_typo_spacing_tablet":0,"ocean_menu_typo_spacing_mobile":0,"ocean_menu_typo_spacing_unit":"","ocean_menu_link_color":"","ocean_menu_link_color_hover":"","ocean_menu_link_color_active":"","ocean_menu_link_background":"","ocean_menu_link_hover_background":"","ocean_menu_link_active_background":"","ocean_menu_social_links_bg":"","ocean_menu_social_hover_links_bg":"","ocean_menu_social_links_color":"","ocean_menu_social_hover_links_color":"","ocean_disable_title":"default","ocean_disable_heading":"default","ocean_post_title":"","ocean_post_subheading":"","ocean_post_title_style":"","ocean_post_title_background_color":"","ocean_post_title_background":0,"ocean_post_title_bg_image_position":"","ocean_post_title_bg_image_attachment":"","ocean_post_title_bg_image_repeat":"","ocean_post_title_bg_image_size":"","ocean_post_title_height":0,"ocean_post_title_bg_overlay":0.5,"ocean_post_title_bg_overlay_color":"","ocean_disable_breadcrumbs":"default","ocean_breadcrumbs_color":"","ocean_breadcrumbs_separator_color":"","ocean_breadcrumbs_links_color":"","ocean_breadcrumbs_links_hover_color":"","ocean_display_footer_widgets":"default","ocean_display_footer_bottom":"default","ocean_custom_footer_template":"0","footnotes":""},"class_list":["post-108","page","type-page","status-publish","hentry","entry"],"_links":{"self":[{"href":"https:\/\/www.silcherschule-stuttgart.de\/index.php?rest_route=\/wp\/v2\/pages\/108","targetHints":{"allow":["GET"]}}],"collection":[{"href":"https:\/\/www.silcherschule-stuttgart.de\/index.php?rest_route=\/wp\/v2\/pages"}],"about":[{"href":"https:\/\/www.silcherschule-stuttgart.de\/index.php?rest_route=\/wp\/v2\/types\/page"}],"author":[{"embeddable":true,"href":"https:\/\/www.silcherschule-stuttgart.de\/index.php?rest_route=\/wp\/v2\/users\/1"}],"replies":[{"embeddable":true,"href":"https:\/\/www.silcherschule-stuttgart.de\/index.php?rest_route=%2Fwp%2Fv2%2Fcomments&post=108"}],"version-history":[{"count":50,"href":"https:\/\/www.silcherschule-stuttgart.de\/index.php?rest_route=\/wp\/v2\/pages\/108\/revisions"}],"predecessor-version":[{"id":1760,"href":"https:\/\/www.silcherschule-stuttgart.de\/index.php?rest_route=\/wp\/v2\/pages\/108\/revisions\/1760"}],"up":[{"embeddable":true,"href":"https:\/\/www.silcherschule-stuttgart.de\/index.php?rest_route=\/wp\/v2\/pages\/21"}],"wp:attachment":[{"href":"https:\/\/www.silcherschule-stuttgart.de\/index.php?rest_route=%2Fwp%2Fv2%2Fmedia&parent=108"}],"curies":[{"name":"wp","href":"https:\/\/api.w.org\/{rel}","templated":true}]}}